{"id":887,"date":"2025-07-25T04:37:42","date_gmt":"2025-07-25T02:37:42","guid":{"rendered":"https:\/\/www.alexithymique.com\/?page_id=887"},"modified":"2025-07-28T07:05:26","modified_gmt":"2025-07-28T05:05:26","slug":"qui-suis-je","status":"publish","type":"page","link":"https:\/\/www.alexithymique.com\/index.php\/qui-suis-je\/","title":{"rendered":"Qui suis-je\u2009?"},"content":{"rendered":"\t\t<div data-elementor-type=\"wp-page\" data-elementor-id=\"887\" class=\"elementor elementor-887\">\n\t\t\t\t<div class=\"elementor-element elementor-element-352db7e e-flex e-con-boxed e-con e-parent\" data-id=\"352db7e\" data-element_type=\"container\">\n\t\t\t\t\t<div class=\"e-con-inner\">\n\t\t\t\t<div class=\"elementor-element elementor-element-c65b7e7 elementor-widget elementor-widget-heading\" data-id=\"c65b7e7\" data-element_type=\"widget\" data-widget_type=\"heading.default\">\n\t\t\t\t<div class=\"elementor-widget-container\">\n\t\t\t\t\t<h1 class=\"elementor-heading-title elementor-size-default\">Pourquoi ce site?<\/h1>\t\t\t\t<\/div>\n\t\t\t\t<\/div>\n\t\t\t\t<div class=\"elementor-element elementor-element-84e6afc elementor-widget-divider--view-line elementor-widget elementor-widget-divider\" data-id=\"84e6afc\" data-element_type=\"widget\" data-widget_type=\"divider.default\">\n\t\t\t\t<div class=\"elementor-widget-container\">\n\t\t\t\t\t\t\t<div class=\"elementor-divider\">\n\t\t\t<span class=\"elementor-divider-separator\">\n\t\t\t\t\t\t<\/span>\n\t\t<\/div>\n\t\t\t\t\t\t<\/div>\n\t\t\t\t<\/div>\n\t\t\t\t\t<\/div>\n\t\t\t\t<\/div>\n\t\t<div class=\"elementor-element elementor-element-a58484d e-flex e-con-boxed e-con e-parent\" data-id=\"a58484d\" data-element_type=\"container\">\n\t\t\t\t\t<div class=\"e-con-inner\">\n\t\t<div class=\"elementor-element elementor-element-854c8f4 e-con-full e-flex e-con e-child\" data-id=\"854c8f4\" data-element_type=\"container\">\n\t\t\t\t<div class=\"elementor-element elementor-element-094078b elementor-widget elementor-widget-image\" data-id=\"094078b\" data-element_type=\"widget\" data-widget_type=\"image.default\">\n\t\t\t\t<div class=\"elementor-widget-container\">\n\t\t\t\t\t\t\t\t\t\t\t\t\t\t\t<img fetchpriority=\"high\" decoding=\"async\" width=\"1024\" height=\"576\" src=\"https:\/\/www.alexithymique.com\/wp-content\/uploads\/2025\/07\/A4-e1752204823980-1024x576.webp\" class=\"attachment-large size-large wp-image-330\" alt=\"Une femme tient de la fum\u00e9e dans ses bras\" srcset=\"https:\/\/www.alexithymique.com\/wp-content\/uploads\/2025\/07\/A4-e1752204823980-1024x576.webp 1024w, https:\/\/www.alexithymique.com\/wp-content\/uploads\/2025\/07\/A4-e1752204823980-300x169.webp 300w, https:\/\/www.alexithymique.com\/wp-content\/uploads\/2025\/07\/A4-e1752204823980-768x432.webp 768w, https:\/\/www.alexithymique.com\/wp-content\/uploads\/2025\/07\/A4-e1752204823980-1536x864.webp 1536w, https:\/\/www.alexithymique.com\/wp-content\/uploads\/2025\/07\/A4-e1752204823980-800x450.webp 800w, https:\/\/www.alexithymique.com\/wp-content\/uploads\/2025\/07\/A4-e1752204823980.webp 1820w\" sizes=\"(max-width: 1024px) 100vw, 1024px\" \/>\t\t\t\t\t\t\t\t\t\t\t\t\t\t\t<\/div>\n\t\t\t\t<\/div>\n\t\t\t\t<\/div>\n\t\t<div class=\"elementor-element elementor-element-7878169 e-con-full e-flex e-con e-child\" data-id=\"7878169\" data-element_type=\"container\">\n\t\t\t\t<div class=\"elementor-element elementor-element-0614d08 elementor-widget elementor-widget-heading\" data-id=\"0614d08\" data-element_type=\"widget\" data-widget_type=\"heading.default\">\n\t\t\t\t<div class=\"elementor-widget-container\">\n\t\t\t\t\t<h2 class=\"elementor-heading-title elementor-size-default\">Qui suis-je?<\/h2>\t\t\t\t<\/div>\n\t\t\t\t<\/div>\n\t\t\t\t<div class=\"elementor-element elementor-element-a351480 elementor-drop-cap-yes elementor-drop-cap-view-default elementor-widget elementor-widget-text-editor\" data-id=\"a351480\" data-element_type=\"widget\" data-settings=\"{&quot;drop_cap&quot;:&quot;yes&quot;}\" data-widget_type=\"text-editor.default\">\n\t\t\t\t<div class=\"elementor-widget-container\">\n\t\t\t\t\t\t\t\t\t<p><strong>Je vis depuis 15 ans avec un homme qui m\u2019aime d\u2019un amour inconditionnel, mais qui ne peut pas le dire.<\/strong><\/p><p>J\u2019ai d\u00e9couvert pourquoi il y a 5 ans. \u00c7a s\u2019appelle l\u2019alexithymie. C\u2019est fascinant. C\u2019est insupportable.<\/p><p>Ce blog raconte mon chemin pour apprendre \u00e0 vivre avec. C\u2019est un voyage pas \u00e0 pas vers cette singularit\u00e9.<\/p><p>J\u2019ai toujours essay\u00e9 d\u2019\u00eatre sinc\u00e8re, car c\u2019est, je pense, seulement dans cette vuln\u00e9rabilit\u00e9, que la rencontre avec l\u2019autre peut se faire.<\/p><p>Dans cet espace, il sera question de silence, d\u2019\u00e9motion, de col\u00e8re, de chagrin, de solitude, d\u2019amour, de sexualit\u00e9, de d\u00e9fi, de psychologie, et de toutes les nuances que vous voudrez bien y ajouter.<\/p>\t\t\t\t\t\t\t\t<\/div>\n\t\t\t\t<\/div>\n\t\t\t\t<\/div>\n\t\t\t\t\t<\/div>\n\t\t\t\t<\/div>\n\t\t<div class=\"elementor-element elementor-element-c932796 e-flex e-con-boxed e-con e-parent\" data-id=\"c932796\" data-element_type=\"container\">\n\t\t\t\t\t<div class=\"e-con-inner\">\n\t\t\t\t<div class=\"elementor-element elementor-element-b8e5e40 elementor-widget-divider--view-line elementor-widget elementor-widget-divider\" data-id=\"b8e5e40\" data-element_type=\"widget\" data-widget_type=\"divider.default\">\n\t\t\t\t<div class=\"elementor-widget-container\">\n\t\t\t\t\t\t\t<div class=\"elementor-divider\">\n\t\t\t<span class=\"elementor-divider-separator\">\n\t\t\t\t\t\t<\/span>\n\t\t<\/div>\n\t\t\t\t\t\t<\/div>\n\t\t\t\t<\/div>\n\t\t\t\t<div class=\"elementor-element elementor-element-ca6147b elementor-widget elementor-widget-heading\" data-id=\"ca6147b\" data-element_type=\"widget\" data-widget_type=\"heading.default\">\n\t\t\t\t<div class=\"elementor-widget-container\">\n\t\t\t\t\t<h2 class=\"elementor-heading-title elementor-size-default\">Un espace d'\u00e9change<\/h2>\t\t\t\t<\/div>\n\t\t\t\t<\/div>\n\t\t\t\t<div class=\"elementor-element elementor-element-d24d337 elementor-widget elementor-widget-text-editor\" data-id=\"d24d337\" data-element_type=\"widget\" data-widget_type=\"text-editor.default\">\n\t\t\t\t<div class=\"elementor-widget-container\">\n\t\t\t\t\t\t\t\t\t<div class=\"elementor-element elementor-element-24c42d7 elementor-widget elementor-widget-text-editor\" data-id=\"24c42d7\" data-element_type=\"widget\" data-widget_type=\"text-editor.default\"><div class=\"elementor-widget-container\"><p><strong>Mon premier contact avec l\u2019alexithymie remonte \u00e0 environ 25 ans.<\/strong><\/p><p>C\u2019\u00e9tait lors d\u2019une soir\u00e9e de confidences nocturnes avec ma belle-s\u0153ur. Elles me parlaient de ses difficult\u00e9s de couple. Il y \u00e9tait question de l\u2019incapacit\u00e9 de mon fr\u00e8re \u00e0 la complimenter, \u00e0 simplement lui dire ce qu\u2019il appr\u00e9ciait chez elle ou \u00e0 faire des feed-back sur les moments partag\u00e9s. Et de sa solitude dans le couple.<\/p><p>Je me souviens de ces mots. <br \/>\u2014 \u00ab\u2009<strong>Oui, il m\u2019aime\u2026 mais je pourrais m\u2019habiller en sac de patate ou me coiffer \u00e0 l\u2019Iroquoise, ce serait pareil. Tu comprends<\/strong>\u2009?<\/p><p>Et non, je ne comprenais absolument pas ce qu\u2019elle voulait me dire. Je ne voyais pas en quoi c\u2019\u00e9tait un probl\u00e8me. Je la rassurais donc comme je pouvais : \u00ab\u2009Du moment qu\u2019il t\u2019aime, c\u2019est le plus important quand m\u00eame. Et puis, s\u2019il te trouve belle tout le temps, tu as de la chance\u2009!\u2009\u00bb Et c\u2019est seulement bien des ann\u00e9es plus tard, lorsqu\u2019\u00e0 mon tour je r\u00e9alisais que mon compagnon ne pouvait lui non plus exprimer aucune \u00e9motion personnelle, et que cela me plongeait dans un grand d\u00e9sarroi, que ces quelques mots \u00e9chang\u00e9s avec ma belle-s\u0153ur remont\u00e8rent \u00e0 la surface. Et que je compris.<\/p><p>\u00c0 partir de ce jour-l\u00e0, ces paroles se mirent \u00e0 \u00e9clairer doucement ce que je ressentais. \u00c0 la diff\u00e9rence d\u2019Isa\u00e9, je savais que je n\u2019\u00e9tais pas seule. Tout ce que je vivais au quotidien entrait en r\u00e9sonance avec ce que ma belle-s\u0153ur m\u2019avait d\u00e9crit 25 ans plus t\u00f4t.<\/p><p>Et c\u2019est ces deux sentiments entrem\u00eal\u00e9s qui m\u2019am\u00e8nent \u00e0 \u00e9crire aujourd\u2019hui,<strong> pour cr\u00e9er un espace o\u00f9 partager nos solitudes, nos d\u00e9sarrois et peut-\u00eatre les solutions que nous bricolons chacun de notre c\u00f4t\u00e9.<\/strong><\/p><\/div><\/div>\t\t\t\t\t\t\t\t<\/div>\n\t\t\t\t<\/div>\n\t\t\t\t\t<\/div>\n\t\t\t\t<\/div>\n\t\t\t\t<\/div>\n\t\t","protected":false},"excerpt":{"rendered":"<p>Pourquoi ce site? Qui suis-je? Je vis depuis 15 ans avec un homme qui m\u2019aime d\u2019un amour inconditionnel, mais qui ne peut pas le dire. J\u2019ai d\u00e9couvert pourquoi il y a 5 ans. \u00c7a s\u2019appelle l\u2019alexithymie. C\u2019est fascinant. C\u2019est insupportable. Ce blog raconte mon chemin pour apprendre \u00e0 vivre avec. C\u2019est un voyage pas \u00e0 [&hellip;]<\/p>\n","protected":false},"author":1,"featured_media":0,"parent":0,"menu_order":0,"comment_status":"closed","ping_status":"closed","template":"","meta":{"_bbp_topic_count":0,"_bbp_reply_count":0,"_bbp_total_topic_count":0,"_bbp_total_reply_count":0,"_bbp_voice_count":0,"_bbp_anonymous_reply_count":0,"_bbp_topic_count_hidden":0,"_bbp_reply_count_hidden":0,"_bbp_forum_subforum_count":0,"ocean_post_layout":"","ocean_both_sidebars_style":"","ocean_both_sidebars_content_width":0,"ocean_both_sidebars_sidebars_width":0,"ocean_sidebar":"","ocean_second_sidebar":"","ocean_disable_margins":"enable","ocean_add_body_class":"","ocean_shortcode_before_top_bar":"","ocean_shortcode_after_top_bar":"","ocean_shortcode_before_header":"","ocean_shortcode_after_header":"","ocean_has_shortcode":"","ocean_shortcode_after_title":"","ocean_shortcode_before_footer_widgets":"","ocean_shortcode_after_footer_widgets":"","ocean_shortcode_before_footer_bottom":"","ocean_shortcode_after_footer_bottom":"","ocean_display_top_bar":"default","ocean_display_header":"default","ocean_header_style":"","ocean_center_header_left_menu":"","ocean_custom_header_template":"","ocean_custom_logo":0,"ocean_custom_retina_logo":0,"ocean_custom_logo_max_width":0,"ocean_custom_logo_tablet_max_width":0,"ocean_custom_logo_mobile_max_width":0,"ocean_custom_logo_max_height":0,"ocean_custom_logo_tablet_max_height":0,"ocean_custom_logo_mobile_max_height":0,"ocean_header_custom_menu":"","ocean_menu_typo_font_family":"","ocean_menu_typo_font_subset":"","ocean_menu_typo_font_size":0,"ocean_menu_typo_font_size_tablet":0,"ocean_menu_typo_font_size_mobile":0,"ocean_menu_typo_font_size_unit":"px","ocean_menu_typo_font_weight":"","ocean_menu_typo_font_weight_tablet":"","ocean_menu_typo_font_weight_mobile":"","ocean_menu_typo_transform":"","ocean_menu_typo_transform_tablet":"","ocean_menu_typo_transform_mobile":"","ocean_menu_typo_line_height":0,"ocean_menu_typo_line_height_tablet":0,"ocean_menu_typo_line_height_mobile":0,"ocean_menu_typo_line_height_unit":"","ocean_menu_typo_spacing":0,"ocean_menu_typo_spacing_tablet":0,"ocean_menu_typo_spacing_mobile":0,"ocean_menu_typo_spacing_unit":"","ocean_menu_link_color":"","ocean_menu_link_color_hover":"","ocean_menu_link_color_active":"","ocean_menu_link_background":"","ocean_menu_link_hover_background":"","ocean_menu_link_active_background":"","ocean_menu_social_links_bg":"","ocean_menu_social_hover_links_bg":"","ocean_menu_social_links_color":"","ocean_menu_social_hover_links_color":"","ocean_disable_title":"on","ocean_disable_heading":"default","ocean_post_title":"","ocean_post_subheading":"","ocean_post_title_style":"","ocean_post_title_background_color":"","ocean_post_title_background":0,"ocean_post_title_bg_image_position":"","ocean_post_title_bg_image_attachment":"","ocean_post_title_bg_image_repeat":"","ocean_post_title_bg_image_size":"","ocean_post_title_height":0,"ocean_post_title_bg_overlay":0.5,"ocean_post_title_bg_overlay_color":"","ocean_disable_breadcrumbs":"default","ocean_breadcrumbs_color":"","ocean_breadcrumbs_separator_color":"","ocean_breadcrumbs_links_color":"","ocean_breadcrumbs_links_hover_color":"","ocean_display_footer_widgets":"default","ocean_display_footer_bottom":"default","ocean_custom_footer_template":"","footnotes":""},"class_list":["post-887","page","type-page","status-publish","hentry","entry"],"yoast_head":"<!-- This site is optimized with the Yoast SEO plugin v26.0 - https:\/\/yoast.com\/wordpress\/plugins\/seo\/ -->\n<title>Qui suis-je\u2009? - Ma vie avec un Alexithymique<\/title>\n<meta name=\"robots\" content=\"index, follow, max-snippet:-1, max-image-preview:large, max-video-preview:-1\" \/>\n<link rel=\"canonical\" href=\"https:\/\/www.alexithymique.com\/index.php\/qui-suis-je\/\" \/>\n<meta property=\"og:locale\" content=\"fr_FR\" \/>\n<meta property=\"og:type\" content=\"article\" \/>\n<meta property=\"og:title\" content=\"Qui suis-je\u2009? - Ma vie avec un Alexithymique\" \/>\n<meta property=\"og:description\" content=\"Pourquoi ce site? Qui suis-je? Je vis depuis 15 ans avec un homme qui m\u2019aime d\u2019un amour inconditionnel, mais qui ne peut pas le dire. J\u2019ai d\u00e9couvert pourquoi il y a 5 ans. \u00c7a s\u2019appelle l\u2019alexithymie. C\u2019est fascinant. C\u2019est insupportable. Ce blog raconte mon chemin pour apprendre \u00e0 vivre avec. C\u2019est un voyage pas \u00e0 [&hellip;]\" \/>\n<meta property=\"og:url\" content=\"https:\/\/www.alexithymique.com\/index.php\/qui-suis-je\/\" \/>\n<meta property=\"og:site_name\" content=\"Ma vie avec un Alexithymique\" \/>\n<meta property=\"article:modified_time\" content=\"2025-07-28T05:05:26+00:00\" \/>\n<meta property=\"og:image\" content=\"https:\/\/www.alexithymique.com\/wp-content\/uploads\/2025\/07\/A4-e1752204823980-1024x576.webp\" \/>\n<meta name=\"twitter:card\" content=\"summary_large_image\" \/>\n<meta name=\"twitter:label1\" content=\"Dur\u00e9e de lecture estim\u00e9e\" \/>\n\t<meta name=\"twitter:data1\" content=\"3 minutes\" \/>\n<script type=\"application\/ld+json\" class=\"yoast-schema-graph\">{\"@context\":\"https:\/\/schema.org\",\"@graph\":[{\"@type\":\"WebPage\",\"@id\":\"https:\/\/www.alexithymique.com\/index.php\/qui-suis-je\/\",\"url\":\"https:\/\/www.alexithymique.com\/index.php\/qui-suis-je\/\",\"name\":\"Qui suis-je\u2009? - Ma vie avec un Alexithymique\",\"isPartOf\":{\"@id\":\"https:\/\/www.alexithymique.com\/#website\"},\"primaryImageOfPage\":{\"@id\":\"https:\/\/www.alexithymique.com\/index.php\/qui-suis-je\/#primaryimage\"},\"image\":{\"@id\":\"https:\/\/www.alexithymique.com\/index.php\/qui-suis-je\/#primaryimage\"},\"thumbnailUrl\":\"https:\/\/www.alexithymique.com\/wp-content\/uploads\/2025\/07\/A4-e1752204823980-1024x576.webp\",\"datePublished\":\"2025-07-25T02:37:42+00:00\",\"dateModified\":\"2025-07-28T05:05:26+00:00\",\"breadcrumb\":{\"@id\":\"https:\/\/www.alexithymique.com\/index.php\/qui-suis-je\/#breadcrumb\"},\"inLanguage\":\"fr-FR\",\"potentialAction\":[{\"@type\":\"ReadAction\",\"target\":[\"https:\/\/www.alexithymique.com\/index.php\/qui-suis-je\/\"]}]},{\"@type\":\"ImageObject\",\"inLanguage\":\"fr-FR\",\"@id\":\"https:\/\/www.alexithymique.com\/index.php\/qui-suis-je\/#primaryimage\",\"url\":\"https:\/\/www.alexithymique.com\/wp-content\/uploads\/2025\/07\/A4-e1752204823980.webp\",\"contentUrl\":\"https:\/\/www.alexithymique.com\/wp-content\/uploads\/2025\/07\/A4-e1752204823980.webp\",\"width\":1820,\"height\":1024,\"caption\":\"Une femme tient de la fum\u00e9e dans ses bras\"},{\"@type\":\"BreadcrumbList\",\"@id\":\"https:\/\/www.alexithymique.com\/index.php\/qui-suis-je\/#breadcrumb\",\"itemListElement\":[{\"@type\":\"ListItem\",\"position\":1,\"name\":\"Accueil\",\"item\":\"https:\/\/www.alexithymique.com\/\"},{\"@type\":\"ListItem\",\"position\":2,\"name\":\"Qui suis-je\u2009?\"}]},{\"@type\":\"WebSite\",\"@id\":\"https:\/\/www.alexithymique.com\/#website\",\"url\":\"https:\/\/www.alexithymique.com\/\",\"name\":\"Ma vie avec un Alexithymique\",\"description\":\"Sur l&#039;\u00e9cran noir de tes silences\",\"publisher\":{\"@id\":\"https:\/\/www.alexithymique.com\/#\/schema\/person\/23889c665572c76cf74c5030f09f789d\"},\"potentialAction\":[{\"@type\":\"SearchAction\",\"target\":{\"@type\":\"EntryPoint\",\"urlTemplate\":\"https:\/\/www.alexithymique.com\/?s={search_term_string}\"},\"query-input\":{\"@type\":\"PropertyValueSpecification\",\"valueRequired\":true,\"valueName\":\"search_term_string\"}}],\"inLanguage\":\"fr-FR\"},{\"@type\":[\"Person\",\"Organization\"],\"@id\":\"https:\/\/www.alexithymique.com\/#\/schema\/person\/23889c665572c76cf74c5030f09f789d\",\"name\":\"El'Ma\",\"image\":{\"@type\":\"ImageObject\",\"inLanguage\":\"fr-FR\",\"@id\":\"https:\/\/www.alexithymique.com\/#\/schema\/person\/image\/\",\"url\":\"https:\/\/www.alexithymique.com\/wp-content\/uploads\/2025\/07\/cropped-Image8-e1753576282522.webp\",\"contentUrl\":\"https:\/\/www.alexithymique.com\/wp-content\/uploads\/2025\/07\/cropped-Image8-e1753576282522.webp\",\"width\":336,\"height\":45,\"caption\":\"El'Ma\"},\"logo\":{\"@id\":\"https:\/\/www.alexithymique.com\/#\/schema\/person\/image\/\"},\"sameAs\":[\"https:\/\/www.polygraphie.fr\"]}]}<\/script>\n<!-- \/ Yoast SEO plugin. -->","yoast_head_json":{"title":"Qui suis-je\u2009? - Ma vie avec un Alexithymique","robots":{"index":"index","follow":"follow","max-snippet":"max-snippet:-1","max-image-preview":"max-image-preview:large","max-video-preview":"max-video-preview:-1"},"canonical":"https:\/\/www.alexithymique.com\/index.php\/qui-suis-je\/","og_locale":"fr_FR","og_type":"article","og_title":"Qui suis-je\u2009? - Ma vie avec un Alexithymique","og_description":"Pourquoi ce site? Qui suis-je? Je vis depuis 15 ans avec un homme qui m\u2019aime d\u2019un amour inconditionnel, mais qui ne peut pas le dire. J\u2019ai d\u00e9couvert pourquoi il y a 5 ans. \u00c7a s\u2019appelle l\u2019alexithymie. C\u2019est fascinant. C\u2019est insupportable. Ce blog raconte mon chemin pour apprendre \u00e0 vivre avec. C\u2019est un voyage pas \u00e0 [&hellip;]","og_url":"https:\/\/www.alexithymique.com\/index.php\/qui-suis-je\/","og_site_name":"Ma vie avec un Alexithymique","article_modified_time":"2025-07-28T05:05:26+00:00","og_image":[{"url":"https:\/\/www.alexithymique.com\/wp-content\/uploads\/2025\/07\/A4-e1752204823980-1024x576.webp","type":"","width":"","height":""}],"twitter_card":"summary_large_image","twitter_misc":{"Dur\u00e9e de lecture estim\u00e9e":"3 minutes"},"schema":{"@context":"https:\/\/schema.org","@graph":[{"@type":"WebPage","@id":"https:\/\/www.alexithymique.com\/index.php\/qui-suis-je\/","url":"https:\/\/www.alexithymique.com\/index.php\/qui-suis-je\/","name":"Qui suis-je\u2009? - Ma vie avec un Alexithymique","isPartOf":{"@id":"https:\/\/www.alexithymique.com\/#website"},"primaryImageOfPage":{"@id":"https:\/\/www.alexithymique.com\/index.php\/qui-suis-je\/#primaryimage"},"image":{"@id":"https:\/\/www.alexithymique.com\/index.php\/qui-suis-je\/#primaryimage"},"thumbnailUrl":"https:\/\/www.alexithymique.com\/wp-content\/uploads\/2025\/07\/A4-e1752204823980-1024x576.webp","datePublished":"2025-07-25T02:37:42+00:00","dateModified":"2025-07-28T05:05:26+00:00","breadcrumb":{"@id":"https:\/\/www.alexithymique.com\/index.php\/qui-suis-je\/#breadcrumb"},"inLanguage":"fr-FR","potentialAction":[{"@type":"ReadAction","target":["https:\/\/www.alexithymique.com\/index.php\/qui-suis-je\/"]}]},{"@type":"ImageObject","inLanguage":"fr-FR","@id":"https:\/\/www.alexithymique.com\/index.php\/qui-suis-je\/#primaryimage","url":"https:\/\/www.alexithymique.com\/wp-content\/uploads\/2025\/07\/A4-e1752204823980.webp","contentUrl":"https:\/\/www.alexithymique.com\/wp-content\/uploads\/2025\/07\/A4-e1752204823980.webp","width":1820,"height":1024,"caption":"Une femme tient de la fum\u00e9e dans ses bras"},{"@type":"BreadcrumbList","@id":"https:\/\/www.alexithymique.com\/index.php\/qui-suis-je\/#breadcrumb","itemListElement":[{"@type":"ListItem","position":1,"name":"Accueil","item":"https:\/\/www.alexithymique.com\/"},{"@type":"ListItem","position":2,"name":"Qui suis-je\u2009?"}]},{"@type":"WebSite","@id":"https:\/\/www.alexithymique.com\/#website","url":"https:\/\/www.alexithymique.com\/","name":"Ma vie avec un Alexithymique","description":"Sur l&#039;\u00e9cran noir de tes silences","publisher":{"@id":"https:\/\/www.alexithymique.com\/#\/schema\/person\/23889c665572c76cf74c5030f09f789d"},"potentialAction":[{"@type":"SearchAction","target":{"@type":"EntryPoint","urlTemplate":"https:\/\/www.alexithymique.com\/?s={search_term_string}"},"query-input":{"@type":"PropertyValueSpecification","valueRequired":true,"valueName":"search_term_string"}}],"inLanguage":"fr-FR"},{"@type":["Person","Organization"],"@id":"https:\/\/www.alexithymique.com\/#\/schema\/person\/23889c665572c76cf74c5030f09f789d","name":"El'Ma","image":{"@type":"ImageObject","inLanguage":"fr-FR","@id":"https:\/\/www.alexithymique.com\/#\/schema\/person\/image\/","url":"https:\/\/www.alexithymique.com\/wp-content\/uploads\/2025\/07\/cropped-Image8-e1753576282522.webp","contentUrl":"https:\/\/www.alexithymique.com\/wp-content\/uploads\/2025\/07\/cropped-Image8-e1753576282522.webp","width":336,"height":45,"caption":"El'Ma"},"logo":{"@id":"https:\/\/www.alexithymique.com\/#\/schema\/person\/image\/"},"sameAs":["https:\/\/www.polygraphie.fr"]}]}},"_links":{"self":[{"href":"https:\/\/www.alexithymique.com\/index.php\/wp-json\/wp\/v2\/pages\/887","targetHints":{"allow":["GET"]}}],"collection":[{"href":"https:\/\/www.alexithymique.com\/index.php\/wp-json\/wp\/v2\/pages"}],"about":[{"href":"https:\/\/www.alexithymique.com\/index.php\/wp-json\/wp\/v2\/types\/page"}],"author":[{"embeddable":true,"href":"https:\/\/www.alexithymique.com\/index.php\/wp-json\/wp\/v2\/users\/1"}],"replies":[{"embeddable":true,"href":"https:\/\/www.alexithymique.com\/index.php\/wp-json\/wp\/v2\/comments?post=887"}],"version-history":[{"count":17,"href":"https:\/\/www.alexithymique.com\/index.php\/wp-json\/wp\/v2\/pages\/887\/revisions"}],"predecessor-version":[{"id":1248,"href":"https:\/\/www.alexithymique.com\/index.php\/wp-json\/wp\/v2\/pages\/887\/revisions\/1248"}],"wp:attachment":[{"href":"https:\/\/www.alexithymique.com\/index.php\/wp-json\/wp\/v2\/media?parent=887"}],"curies":[{"name":"wp","href":"https:\/\/api.w.org\/{rel}","templated":true}]}}