{"id":61,"date":"2025-05-02T23:06:16","date_gmt":"2025-05-02T21:06:16","guid":{"rendered":"https:\/\/www.alexithymique.com\/?page_id=61"},"modified":"2025-07-28T07:07:48","modified_gmt":"2025-07-28T05:07:48","slug":"suis-je-alexithymique","status":"publish","type":"page","link":"https:\/\/www.alexithymique.com\/index.php\/suis-je-alexithymique\/","title":{"rendered":"Test: Moi\u2009? Alexithymique\u2009?"},"content":{"rendered":"\t\t<div data-elementor-type=\"wp-page\" data-elementor-id=\"61\" class=\"elementor elementor-61\">\n\t\t\t\t<div class=\"elementor-element elementor-element-e2f08db e-flex e-con-boxed e-con e-parent\" data-id=\"e2f08db\" data-element_type=\"container\">\n\t\t\t\t\t<div class=\"e-con-inner\">\n\t\t\t\t<div class=\"elementor-element elementor-element-d979b4a elementor-widget elementor-widget-heading\" data-id=\"d979b4a\" data-element_type=\"widget\" data-widget_type=\"heading.default\">\n\t\t\t\t<div class=\"elementor-widget-container\">\n\t\t\t\t\t<h1 class=\"elementor-heading-title elementor-size-default\">TEST: Moi? Alexithymique?<\/h1>\t\t\t\t<\/div>\n\t\t\t\t<\/div>\n\t\t\t\t\t<\/div>\n\t\t\t\t<\/div>\n\t\t<div class=\"elementor-element elementor-element-26dd08a e-flex e-con-boxed e-con e-parent\" data-id=\"26dd08a\" data-element_type=\"container\">\n\t\t\t\t\t<div class=\"e-con-inner\">\n\t\t<div class=\"elementor-element elementor-element-ae6e89c e-con-full e-flex e-con e-child\" data-id=\"ae6e89c\" data-element_type=\"container\">\n\t\t\t\t<div class=\"elementor-element elementor-element-a6250c1 elementor-widget elementor-widget-image\" data-id=\"a6250c1\" data-element_type=\"widget\" data-widget_type=\"image.default\">\n\t\t\t\t<div class=\"elementor-widget-container\">\n\t\t\t\t\t\t\t\t\t\t\t\t\t\t\t<img fetchpriority=\"high\" decoding=\"async\" width=\"240\" height=\"427\" src=\"https:\/\/www.alexithymique.com\/wp-content\/uploads\/2025\/07\/A5-e1753579375116.webp\" class=\"attachment-full size-full wp-image-1128\" alt=\"Un homme assis au sol avec un grand point d&#039;interrogation au dessus de sa t\u00eate.\" \/>\t\t\t\t\t\t\t\t\t\t\t\t\t\t\t<\/div>\n\t\t\t\t<\/div>\n\t\t\t\t<\/div>\n\t\t<div class=\"elementor-element elementor-element-ed5c1e7 e-con-full e-flex e-con e-child\" data-id=\"ed5c1e7\" data-element_type=\"container\">\n\t\t\t\t<div class=\"elementor-element elementor-element-6c31be7 elementor-widget elementor-widget-text-editor\" data-id=\"6c31be7\" data-element_type=\"widget\" data-widget_type=\"text-editor.default\">\n\t\t\t\t<div class=\"elementor-widget-container\">\n\t\t\t\t\t\t\t\t\t<ol><li>Si l\u2019on me demande ce que j\u2019en pense\u2026 Je ne sais jamais quoi r\u00e9pondre.<\/li><li>Je ne r\u00eave pas et je ne fantasme pas.<\/li><li>Les autres\u2009? Un grand myst\u00e8re\u2026<\/li><li>Elle\/il pleure\u2026 Et je fais quoi l\u00e0 moi\u2009?<\/li><li>Elle\/il est en col\u00e8re\u2026 Ah bon, tu es sur\u2009? ! Je n\u2019avais pas remarqu\u00e9.<\/li><li>Ma phrase pr\u00e9f\u00e9r\u00e9e pour r\u00e9pondre aux questions personnelles\u00a0: \u00ab\u2009Je ne sais pas\u2009\u00bb<\/li><li>Mes quelques (rares) amis ne posent pas beaucoup de questions.<\/li><li>Faire un compliment\u2026 heu, un quoi\u2009?!<\/li><li>Comment tu te sens\u2009? Bien\u2009! Comment c\u2019\u00e9tait\u2009? Bien\u2009! Comment tu me trouves\u2009? Bien\u2009! Et ta journ\u00e9e\u2009? Bien\u2009!<\/li><li>Quand je suis triste, j\u2019ai tendance \u00e0 ne pas \u00eatre s\u00fbr si c\u2019est de la tristesse ou juste un mal de ventre.<\/li><li>Lorsqu\u2019on me demande mon opinion sur un film \u00e9mouvant, je dis\u00a0: \u201cC\u2019\u00e9tait\u2026 visuellement int\u00e9ressant avec de bons dialogues.<\/li><li>Je pr\u00e9f\u00e8re des rapports d\u2019analyse plut\u00f4t que des po\u00e8mes d\u2019amour.<\/li><li>Si le soir avant de dormir, on me dit : \u00ab\u2009Parle-moi de ta journ\u00e9e\u2009\u00bb, je m\u2019endors plus vite que si j\u2019avais aval\u00e9 10 Temestas.<\/li><li>Face \u00e0 ses larmes, je tente\u00a0: \u2018T\u2019as essay\u00e9 de boire un verre d\u2019eau\u2009? \u201cCe doit \u00eatre tes hormones\u2009!\u201d ou \u2018tu as peut-\u00eatre saut\u00e9 un repas.\u2019<\/li><li>On m\u2019offre un carnet pour \u00e9crire mes \u00e9motions : Pratique pour ma To-do-liste.<\/li><li>Quand je suis nerveux, je deviens le ma\u00eetre du silence.<\/li><li>Mon embl\u00e8me animalier\u2026 une hu\u00eetre.<\/li><\/ol>\t\t\t\t\t\t\t\t<\/div>\n\t\t\t\t<\/div>\n\t\t\t\t<\/div>\n\t\t\t\t\t<\/div>\n\t\t\t\t<\/div>\n\t\t<div class=\"elementor-element elementor-element-405c398 e-flex e-con-boxed e-con e-parent\" data-id=\"405c398\" data-element_type=\"container\">\n\t\t\t\t\t<div class=\"e-con-inner\">\n\t\t\t\t<div class=\"elementor-element elementor-element-b33163c elementor-widget-divider--view-line elementor-widget elementor-widget-divider\" data-id=\"b33163c\" data-element_type=\"widget\" data-widget_type=\"divider.default\">\n\t\t\t\t<div class=\"elementor-widget-container\">\n\t\t\t\t\t\t\t<div class=\"elementor-divider\">\n\t\t\t<span class=\"elementor-divider-separator\">\n\t\t\t\t\t\t<\/span>\n\t\t<\/div>\n\t\t\t\t\t\t<\/div>\n\t\t\t\t<\/div>\n\t\t\t\t<div class=\"elementor-element elementor-element-87d5ca2 elementor-widget elementor-widget-text-editor\" data-id=\"87d5ca2\" data-element_type=\"widget\" data-widget_type=\"text-editor.default\">\n\t\t\t\t<div class=\"elementor-widget-container\">\n\t\t\t\t\t\t\t\t\t<p><strong>R\u00e9sultats:<\/strong><\/p><p><em>Tu as r\u00e9pondu beaucoup de \u2018Oui\u2019.\u00a0<br \/>Tu es encore humain. Enfin, normalement.<br \/><strong>Mais tu es l\u2019enfant spirituel d\u2019un tableau Excel et d\u2019une notice technique.<\/strong> <br \/><strong><br \/>Conclusion\u00a0:<\/strong> Si tu as souri \u00e0 au moins une de ces questions, c\u2019est que ton cas n\u2019est pas totalement d\u00e9sesp\u00e9r\u00e9<\/em><em>\u2009! N\u2019h\u00e9site pas \u00e0 explorer ce truc bizarre qu\u2019on appelle \u2018les sentiments\u2019. Ce n\u2019est pas seulement un mot dans le dictionnaire. Et \u00e0 faire un tour sur le site si tu veux comprendre pourquoi parfois les autres ne te comprennent pas<\/em><em>\u2009!<\/em><\/p>\t\t\t\t\t\t\t\t<\/div>\n\t\t\t\t<\/div>\n\t\t\t\t\t<\/div>\n\t\t\t\t<\/div>\n\t\t\t\t<\/div>\n\t\t","protected":false},"excerpt":{"rendered":"<p>TEST: Moi? Alexithymique? Si l\u2019on me demande ce que j\u2019en pense\u2026 Je ne sais jamais quoi r\u00e9pondre. Je ne r\u00eave pas et je ne fantasme pas. Les autres\u2009? Un grand myst\u00e8re\u2026 Elle\/il pleure\u2026 Et je fais quoi l\u00e0 moi\u2009? Elle\/il est en col\u00e8re\u2026 Ah bon, tu es sur\u2009? ! Je n\u2019avais pas remarqu\u00e9. Ma phrase [&hellip;]<\/p>\n","protected":false},"author":1,"featured_media":0,"parent":0,"menu_order":0,"comment_status":"closed","ping_status":"closed","template":"","meta":{"_bbp_topic_count":0,"_bbp_reply_count":0,"_bbp_total_topic_count":0,"_bbp_total_reply_count":0,"_bbp_voice_count":0,"_bbp_anonymous_reply_count":0,"_bbp_topic_count_hidden":0,"_bbp_reply_count_hidden":0,"_bbp_forum_subforum_count":0,"ocean_post_layout":"","ocean_both_sidebars_style":"","ocean_both_sidebars_content_width":0,"ocean_both_sidebars_sidebars_width":0,"ocean_sidebar":"","ocean_second_sidebar":"","ocean_disable_margins":"enable","ocean_add_body_class":"","ocean_shortcode_before_top_bar":"","ocean_shortcode_after_top_bar":"","ocean_shortcode_before_header":"","ocean_shortcode_after_header":"","ocean_has_shortcode":"","ocean_shortcode_after_title":"","ocean_shortcode_before_footer_widgets":"","ocean_shortcode_after_footer_widgets":"","ocean_shortcode_before_footer_bottom":"","ocean_shortcode_after_footer_bottom":"","ocean_display_top_bar":"default","ocean_display_header":"default","ocean_header_style":"","ocean_center_header_left_menu":"","ocean_custom_header_template":"","ocean_custom_logo":0,"ocean_custom_retina_logo":0,"ocean_custom_logo_max_width":0,"ocean_custom_logo_tablet_max_width":0,"ocean_custom_logo_mobile_max_width":0,"ocean_custom_logo_max_height":0,"ocean_custom_logo_tablet_max_height":0,"ocean_custom_logo_mobile_max_height":0,"ocean_header_custom_menu":"","ocean_menu_typo_font_family":"","ocean_menu_typo_font_subset":"","ocean_menu_typo_font_size":0,"ocean_menu_typo_font_size_tablet":0,"ocean_menu_typo_font_size_mobile":0,"ocean_menu_typo_font_size_unit":"px","ocean_menu_typo_font_weight":"","ocean_menu_typo_font_weight_tablet":"","ocean_menu_typo_font_weight_mobile":"","ocean_menu_typo_transform":"","ocean_menu_typo_transform_tablet":"","ocean_menu_typo_transform_mobile":"","ocean_menu_typo_line_height":0,"ocean_menu_typo_line_height_tablet":0,"ocean_menu_typo_line_height_mobile":0,"ocean_menu_typo_line_height_unit":"","ocean_menu_typo_spacing":0,"ocean_menu_typo_spacing_tablet":0,"ocean_menu_typo_spacing_mobile":0,"ocean_menu_typo_spacing_unit":"","ocean_menu_link_color":"","ocean_menu_link_color_hover":"","ocean_menu_link_color_active":"","ocean_menu_link_background":"","ocean_menu_link_hover_background":"","ocean_menu_link_active_background":"","ocean_menu_social_links_bg":"","ocean_menu_social_hover_links_bg":"","ocean_menu_social_links_color":"","ocean_menu_social_hover_links_color":"","ocean_disable_title":"on","ocean_disable_heading":"default","ocean_post_title":"","ocean_post_subheading":"","ocean_post_title_style":"","ocean_post_title_background_color":"","ocean_post_title_background":0,"ocean_post_title_bg_image_position":"","ocean_post_title_bg_image_attachment":"","ocean_post_title_bg_image_repeat":"","ocean_post_title_bg_image_size":"","ocean_post_title_height":0,"ocean_post_title_bg_overlay":0.5,"ocean_post_title_bg_overlay_color":"","ocean_disable_breadcrumbs":"default","ocean_breadcrumbs_color":"","ocean_breadcrumbs_separator_color":"","ocean_breadcrumbs_links_color":"","ocean_breadcrumbs_links_hover_color":"","ocean_display_footer_widgets":"default","ocean_display_footer_bottom":"default","ocean_custom_footer_template":"","footnotes":""},"class_list":["post-61","page","type-page","status-publish","hentry","entry"],"yoast_head":"<!-- This site is optimized with the Yoast SEO plugin v26.0 - https:\/\/yoast.com\/wordpress\/plugins\/seo\/ -->\n<title>Test: Moi\u2009? Alexithymique\u2009? - Ma vie avec un Alexithymique<\/title>\n<meta name=\"robots\" content=\"index, follow, max-snippet:-1, max-image-preview:large, max-video-preview:-1\" \/>\n<link rel=\"canonical\" href=\"https:\/\/www.alexithymique.com\/index.php\/suis-je-alexithymique\/\" \/>\n<meta property=\"og:locale\" content=\"fr_FR\" \/>\n<meta property=\"og:type\" content=\"article\" \/>\n<meta property=\"og:title\" content=\"Test: Moi\u2009? Alexithymique\u2009? - Ma vie avec un Alexithymique\" \/>\n<meta property=\"og:description\" content=\"TEST: Moi? Alexithymique? Si l\u2019on me demande ce que j\u2019en pense\u2026 Je ne sais jamais quoi r\u00e9pondre. Je ne r\u00eave pas et je ne fantasme pas. Les autres\u2009? Un grand myst\u00e8re\u2026 Elle\/il pleure\u2026 Et je fais quoi l\u00e0 moi\u2009? Elle\/il est en col\u00e8re\u2026 Ah bon, tu es sur\u2009? ! Je n\u2019avais pas remarqu\u00e9. Ma phrase [&hellip;]\" \/>\n<meta property=\"og:url\" content=\"https:\/\/www.alexithymique.com\/index.php\/suis-je-alexithymique\/\" \/>\n<meta property=\"og:site_name\" content=\"Ma vie avec un Alexithymique\" \/>\n<meta property=\"article:modified_time\" content=\"2025-07-28T05:07:48+00:00\" \/>\n<meta property=\"og:image\" content=\"https:\/\/www.alexithymique.com\/wp-content\/uploads\/2025\/07\/A5-e1753579375116.webp\" \/>\n<meta name=\"twitter:card\" content=\"summary_large_image\" \/>\n<meta name=\"twitter:label1\" content=\"Dur\u00e9e de lecture estim\u00e9e\" \/>\n\t<meta name=\"twitter:data1\" content=\"2 minutes\" \/>\n<script type=\"application\/ld+json\" class=\"yoast-schema-graph\">{\"@context\":\"https:\/\/schema.org\",\"@graph\":[{\"@type\":\"WebPage\",\"@id\":\"https:\/\/www.alexithymique.com\/index.php\/suis-je-alexithymique\/\",\"url\":\"https:\/\/www.alexithymique.com\/index.php\/suis-je-alexithymique\/\",\"name\":\"Test: Moi\u2009? Alexithymique\u2009? - Ma vie avec un Alexithymique\",\"isPartOf\":{\"@id\":\"https:\/\/www.alexithymique.com\/#website\"},\"primaryImageOfPage\":{\"@id\":\"https:\/\/www.alexithymique.com\/index.php\/suis-je-alexithymique\/#primaryimage\"},\"image\":{\"@id\":\"https:\/\/www.alexithymique.com\/index.php\/suis-je-alexithymique\/#primaryimage\"},\"thumbnailUrl\":\"https:\/\/www.alexithymique.com\/wp-content\/uploads\/2025\/07\/A5-e1753579375116.webp\",\"datePublished\":\"2025-05-02T21:06:16+00:00\",\"dateModified\":\"2025-07-28T05:07:48+00:00\",\"breadcrumb\":{\"@id\":\"https:\/\/www.alexithymique.com\/index.php\/suis-je-alexithymique\/#breadcrumb\"},\"inLanguage\":\"fr-FR\",\"potentialAction\":[{\"@type\":\"ReadAction\",\"target\":[\"https:\/\/www.alexithymique.com\/index.php\/suis-je-alexithymique\/\"]}]},{\"@type\":\"ImageObject\",\"inLanguage\":\"fr-FR\",\"@id\":\"https:\/\/www.alexithymique.com\/index.php\/suis-je-alexithymique\/#primaryimage\",\"url\":\"https:\/\/www.alexithymique.com\/wp-content\/uploads\/2025\/07\/A5-e1753579375116.webp\",\"contentUrl\":\"https:\/\/www.alexithymique.com\/wp-content\/uploads\/2025\/07\/A5-e1753579375116.webp\",\"width\":240,\"height\":427,\"caption\":\"Un homme assis au sol avec un grand point d'interrogation au dessus de sa t\u00eate.\"},{\"@type\":\"BreadcrumbList\",\"@id\":\"https:\/\/www.alexithymique.com\/index.php\/suis-je-alexithymique\/#breadcrumb\",\"itemListElement\":[{\"@type\":\"ListItem\",\"position\":1,\"name\":\"Accueil\",\"item\":\"https:\/\/www.alexithymique.com\/\"},{\"@type\":\"ListItem\",\"position\":2,\"name\":\"Test: Moi\u2009? Alexithymique\u2009?\"}]},{\"@type\":\"WebSite\",\"@id\":\"https:\/\/www.alexithymique.com\/#website\",\"url\":\"https:\/\/www.alexithymique.com\/\",\"name\":\"Ma vie avec un Alexithymique\",\"description\":\"Sur l&#039;\u00e9cran noir de tes silences\",\"publisher\":{\"@id\":\"https:\/\/www.alexithymique.com\/#\/schema\/person\/23889c665572c76cf74c5030f09f789d\"},\"potentialAction\":[{\"@type\":\"SearchAction\",\"target\":{\"@type\":\"EntryPoint\",\"urlTemplate\":\"https:\/\/www.alexithymique.com\/?s={search_term_string}\"},\"query-input\":{\"@type\":\"PropertyValueSpecification\",\"valueRequired\":true,\"valueName\":\"search_term_string\"}}],\"inLanguage\":\"fr-FR\"},{\"@type\":[\"Person\",\"Organization\"],\"@id\":\"https:\/\/www.alexithymique.com\/#\/schema\/person\/23889c665572c76cf74c5030f09f789d\",\"name\":\"El'Ma\",\"image\":{\"@type\":\"ImageObject\",\"inLanguage\":\"fr-FR\",\"@id\":\"https:\/\/www.alexithymique.com\/#\/schema\/person\/image\/\",\"url\":\"https:\/\/www.alexithymique.com\/wp-content\/uploads\/2025\/07\/cropped-Image8-e1753576282522.webp\",\"contentUrl\":\"https:\/\/www.alexithymique.com\/wp-content\/uploads\/2025\/07\/cropped-Image8-e1753576282522.webp\",\"width\":336,\"height\":45,\"caption\":\"El'Ma\"},\"logo\":{\"@id\":\"https:\/\/www.alexithymique.com\/#\/schema\/person\/image\/\"},\"sameAs\":[\"https:\/\/www.polygraphie.fr\"]}]}<\/script>\n<!-- \/ Yoast SEO plugin. -->","yoast_head_json":{"title":"Test: Moi\u2009? Alexithymique\u2009? - Ma vie avec un Alexithymique","robots":{"index":"index","follow":"follow","max-snippet":"max-snippet:-1","max-image-preview":"max-image-preview:large","max-video-preview":"max-video-preview:-1"},"canonical":"https:\/\/www.alexithymique.com\/index.php\/suis-je-alexithymique\/","og_locale":"fr_FR","og_type":"article","og_title":"Test: Moi\u2009? Alexithymique\u2009? - Ma vie avec un Alexithymique","og_description":"TEST: Moi? Alexithymique? Si l\u2019on me demande ce que j\u2019en pense\u2026 Je ne sais jamais quoi r\u00e9pondre. Je ne r\u00eave pas et je ne fantasme pas. Les autres\u2009? Un grand myst\u00e8re\u2026 Elle\/il pleure\u2026 Et je fais quoi l\u00e0 moi\u2009? Elle\/il est en col\u00e8re\u2026 Ah bon, tu es sur\u2009? ! Je n\u2019avais pas remarqu\u00e9. Ma phrase [&hellip;]","og_url":"https:\/\/www.alexithymique.com\/index.php\/suis-je-alexithymique\/","og_site_name":"Ma vie avec un Alexithymique","article_modified_time":"2025-07-28T05:07:48+00:00","og_image":[{"url":"https:\/\/www.alexithymique.com\/wp-content\/uploads\/2025\/07\/A5-e1753579375116.webp","type":"","width":"","height":""}],"twitter_card":"summary_large_image","twitter_misc":{"Dur\u00e9e de lecture estim\u00e9e":"2 minutes"},"schema":{"@context":"https:\/\/schema.org","@graph":[{"@type":"WebPage","@id":"https:\/\/www.alexithymique.com\/index.php\/suis-je-alexithymique\/","url":"https:\/\/www.alexithymique.com\/index.php\/suis-je-alexithymique\/","name":"Test: Moi\u2009? Alexithymique\u2009? - Ma vie avec un Alexithymique","isPartOf":{"@id":"https:\/\/www.alexithymique.com\/#website"},"primaryImageOfPage":{"@id":"https:\/\/www.alexithymique.com\/index.php\/suis-je-alexithymique\/#primaryimage"},"image":{"@id":"https:\/\/www.alexithymique.com\/index.php\/suis-je-alexithymique\/#primaryimage"},"thumbnailUrl":"https:\/\/www.alexithymique.com\/wp-content\/uploads\/2025\/07\/A5-e1753579375116.webp","datePublished":"2025-05-02T21:06:16+00:00","dateModified":"2025-07-28T05:07:48+00:00","breadcrumb":{"@id":"https:\/\/www.alexithymique.com\/index.php\/suis-je-alexithymique\/#breadcrumb"},"inLanguage":"fr-FR","potentialAction":[{"@type":"ReadAction","target":["https:\/\/www.alexithymique.com\/index.php\/suis-je-alexithymique\/"]}]},{"@type":"ImageObject","inLanguage":"fr-FR","@id":"https:\/\/www.alexithymique.com\/index.php\/suis-je-alexithymique\/#primaryimage","url":"https:\/\/www.alexithymique.com\/wp-content\/uploads\/2025\/07\/A5-e1753579375116.webp","contentUrl":"https:\/\/www.alexithymique.com\/wp-content\/uploads\/2025\/07\/A5-e1753579375116.webp","width":240,"height":427,"caption":"Un homme assis au sol avec un grand point d'interrogation au dessus de sa t\u00eate."},{"@type":"BreadcrumbList","@id":"https:\/\/www.alexithymique.com\/index.php\/suis-je-alexithymique\/#breadcrumb","itemListElement":[{"@type":"ListItem","position":1,"name":"Accueil","item":"https:\/\/www.alexithymique.com\/"},{"@type":"ListItem","position":2,"name":"Test: Moi\u2009? Alexithymique\u2009?"}]},{"@type":"WebSite","@id":"https:\/\/www.alexithymique.com\/#website","url":"https:\/\/www.alexithymique.com\/","name":"Ma vie avec un Alexithymique","description":"Sur l&#039;\u00e9cran noir de tes silences","publisher":{"@id":"https:\/\/www.alexithymique.com\/#\/schema\/person\/23889c665572c76cf74c5030f09f789d"},"potentialAction":[{"@type":"SearchAction","target":{"@type":"EntryPoint","urlTemplate":"https:\/\/www.alexithymique.com\/?s={search_term_string}"},"query-input":{"@type":"PropertyValueSpecification","valueRequired":true,"valueName":"search_term_string"}}],"inLanguage":"fr-FR"},{"@type":["Person","Organization"],"@id":"https:\/\/www.alexithymique.com\/#\/schema\/person\/23889c665572c76cf74c5030f09f789d","name":"El'Ma","image":{"@type":"ImageObject","inLanguage":"fr-FR","@id":"https:\/\/www.alexithymique.com\/#\/schema\/person\/image\/","url":"https:\/\/www.alexithymique.com\/wp-content\/uploads\/2025\/07\/cropped-Image8-e1753576282522.webp","contentUrl":"https:\/\/www.alexithymique.com\/wp-content\/uploads\/2025\/07\/cropped-Image8-e1753576282522.webp","width":336,"height":45,"caption":"El'Ma"},"logo":{"@id":"https:\/\/www.alexithymique.com\/#\/schema\/person\/image\/"},"sameAs":["https:\/\/www.polygraphie.fr"]}]}},"_links":{"self":[{"href":"https:\/\/www.alexithymique.com\/index.php\/wp-json\/wp\/v2\/pages\/61","targetHints":{"allow":["GET"]}}],"collection":[{"href":"https:\/\/www.alexithymique.com\/index.php\/wp-json\/wp\/v2\/pages"}],"about":[{"href":"https:\/\/www.alexithymique.com\/index.php\/wp-json\/wp\/v2\/types\/page"}],"author":[{"embeddable":true,"href":"https:\/\/www.alexithymique.com\/index.php\/wp-json\/wp\/v2\/users\/1"}],"replies":[{"embeddable":true,"href":"https:\/\/www.alexithymique.com\/index.php\/wp-json\/wp\/v2\/comments?post=61"}],"version-history":[{"count":36,"href":"https:\/\/www.alexithymique.com\/index.php\/wp-json\/wp\/v2\/pages\/61\/revisions"}],"predecessor-version":[{"id":1252,"href":"https:\/\/www.alexithymique.com\/index.php\/wp-json\/wp\/v2\/pages\/61\/revisions\/1252"}],"wp:attachment":[{"href":"https:\/\/www.alexithymique.com\/index.php\/wp-json\/wp\/v2\/media?parent=61"}],"curies":[{"name":"wp","href":"https:\/\/api.w.org\/{rel}","templated":true}]}}