{"id":58,"date":"2025-05-02T23:03:41","date_gmt":"2025-05-02T21:03:41","guid":{"rendered":"https:\/\/www.alexithymique.com\/?page_id=58"},"modified":"2025-07-28T07:03:54","modified_gmt":"2025-07-28T05:03:54","slug":"alexithymie-definition","status":"publish","type":"page","link":"https:\/\/www.alexithymique.com\/index.php\/alexithymie-definition\/","title":{"rendered":"L\u2019alexithymie qu\u00e8saco\u2009?"},"content":{"rendered":"\t\t<div data-elementor-type=\"wp-page\" data-elementor-id=\"58\" class=\"elementor elementor-58\">\n\t\t\t\t<div class=\"elementor-element elementor-element-eb36514 e-flex e-con-boxed e-con e-parent\" data-id=\"eb36514\" data-element_type=\"container\">\n\t\t\t\t\t<div class=\"e-con-inner\">\n\t\t\t\t<div class=\"elementor-element elementor-element-b6a83e9 elementor-widget elementor-widget-image\" data-id=\"b6a83e9\" data-element_type=\"widget\" data-widget_type=\"image.default\">\n\t\t\t\t<div class=\"elementor-widget-container\">\n\t\t\t\t\t\t\t\t\t\t\t\t\t\t\t<img fetchpriority=\"high\" decoding=\"async\" width=\"768\" height=\"432\" src=\"https:\/\/www.alexithymique.com\/wp-content\/uploads\/2025\/07\/B18-768x432.webp\" class=\"attachment-medium_large size-medium_large wp-image-292\" alt=\"\" srcset=\"https:\/\/www.alexithymique.com\/wp-content\/uploads\/2025\/07\/B18-768x432.webp 768w, https:\/\/www.alexithymique.com\/wp-content\/uploads\/2025\/07\/B18-300x169.webp 300w, https:\/\/www.alexithymique.com\/wp-content\/uploads\/2025\/07\/B18-1024x576.webp 1024w, https:\/\/www.alexithymique.com\/wp-content\/uploads\/2025\/07\/B18-1536x864.webp 1536w, https:\/\/www.alexithymique.com\/wp-content\/uploads\/2025\/07\/B18-800x450.webp 800w, https:\/\/www.alexithymique.com\/wp-content\/uploads\/2025\/07\/B18.webp 1820w\" sizes=\"(max-width: 768px) 100vw, 768px\" \/>\t\t\t\t\t\t\t\t\t\t\t\t\t\t\t<\/div>\n\t\t\t\t<\/div>\n\t\t\t\t<div class=\"elementor-element elementor-element-bad1e68 elementor-widget elementor-widget-spacer\" data-id=\"bad1e68\" data-element_type=\"widget\" data-widget_type=\"spacer.default\">\n\t\t\t\t<div class=\"elementor-widget-container\">\n\t\t\t\t\t\t\t<div class=\"elementor-spacer\">\n\t\t\t<div class=\"elementor-spacer-inner\"><\/div>\n\t\t<\/div>\n\t\t\t\t\t\t<\/div>\n\t\t\t\t<\/div>\n\t\t<div class=\"elementor-element elementor-element-076966d e-grid e-con-full e-con e-child\" data-id=\"076966d\" data-element_type=\"container\">\n\t\t<div class=\"elementor-element elementor-element-df3de6f e-con-full e-flex e-con e-child\" data-id=\"df3de6f\" data-element_type=\"container\">\n\t\t\t\t<div class=\"elementor-element elementor-element-ac315e6 elementor-widget elementor-widget-text-editor\" data-id=\"ac315e6\" data-element_type=\"widget\" data-widget_type=\"text-editor.default\">\n\t\t\t\t<div class=\"elementor-widget-container\">\n\t\t\t\t\t\t\t\t\t<p><strong>LES 3 SIGNES DE\u00a0 L&rsquo;ALEXITHYMIE<\/strong><\/p><ol><li><strong>La difficult\u00e9 \u00e0 pouvoir identifier ses sentiments et les communiquer \u00e0 autrui<\/strong> c\u2019est-\u00e0-dire une incapacit\u00e9 \u00e0 l\u2019expression verbale des \u00e9motions et des sentiments m\u00eame si elle ressent les \u00e9motions.<\/li><li><strong>La pauvret\u00e9 de la vie imaginaire et fantasmatique<\/strong> qui se manifeste par le fait qu\u2019une personne alexithymique r\u00eave peu et fantasme peu. Quand le r\u00eave existe, son contenu est factuel et r\u00e9aliste.<\/li><li><strong>D\u2019avoir des pens\u00e9es \u00e0 contenu pragmatique et utilitaire :<\/strong> les pens\u00e9es sont tourn\u00e9es vers l\u2019ext\u00e9rieur plut\u00f4t que vers les sensations int\u00e9rieures. L\u2019Alexithymique sait faire une description d\u00e9taill\u00e9e de faits, d\u2019\u00e9v\u00e9nements, de sympt\u00f4mes physiques. Mais il ne s\u2019exprime jamais sur son ressenti.<\/li><\/ol>\t\t\t\t\t\t\t\t<\/div>\n\t\t\t\t<\/div>\n\t\t\t\t<\/div>\n\t\t<div class=\"elementor-element elementor-element-6001098 e-con-full e-flex e-con e-child\" data-id=\"6001098\" data-element_type=\"container\">\n\t\t\t\t<div class=\"elementor-element elementor-element-319c33a elementor-widget elementor-widget-text-editor\" data-id=\"319c33a\" data-element_type=\"widget\" data-widget_type=\"text-editor.default\">\n\t\t\t\t<div class=\"elementor-widget-container\">\n\t\t\t\t\t\t\t\t\t<p><strong>ORIGINE<\/strong><\/p><p>Le terme alexithymie a \u00e9t\u00e9 invent\u00e9 par Peter Sifneos en 1972, et il vient du grec qui signifie litt\u00e9ralement:\u00a0 <strong><em>\u00ab\u2009manque de mots pour l\u2019\u00e9motion\u2009\u00bb.<\/em><\/strong><\/p><p><strong>Un alexithymique a des difficult\u00e9s \u00e0 identifier, d\u00e9crire et exprimer ses \u00e9motions. <\/strong><\/p><p>Il est incapable de faire des connexions entre les \u00e9motions et les id\u00e9es, les pens\u00e9es ou les fantasmes, qui en g\u00e9n\u00e9ral les accompagnent.<\/p>\t\t\t\t\t\t\t\t<\/div>\n\t\t\t\t<\/div>\n\t\t\t\t<\/div>\n\t\t<div class=\"elementor-element elementor-element-9c44cba e-con-full e-flex e-con e-child\" data-id=\"9c44cba\" data-element_type=\"container\">\n\t\t\t\t<div class=\"elementor-element elementor-element-f72e0f3 elementor-widget elementor-widget-text-editor\" data-id=\"f72e0f3\" data-element_type=\"widget\" data-widget_type=\"text-editor.default\">\n\t\t\t\t<div class=\"elementor-widget-container\">\n\t\t\t\t\t\t\t\t\t<p><strong>TROUBLE OU CARACT\u00c8RE?<\/strong><\/p><p>Dans ce site je laisse au monde m\u00e9dical le terme de <strong>trouble alexithymique<\/strong>, lui pr\u00e9f\u00e9rant de loin celui de <strong>caract\u00e8re alexithymique<\/strong>.<\/p><p>Dans les pages \u00ab\u2009ressources\u2009\u00bb, j\u2019ai r\u00e9sum\u00e9 des articles, des sites, des ouvrages sur le sujet, ainsi que des approches plus artistiques pour que chacun puisse se faire sa propre repr\u00e9sentation de l\u2019alexithymie.<\/p><p>Aujourd\u2019hui, c\u2019est un concept qui fait d\u00e9bat, les approches sont multiples et ne font pas l\u2019unanimit\u00e9. \u00c0 vous de voir ce qui vous parle.<\/p>\t\t\t\t\t\t\t\t<\/div>\n\t\t\t\t<\/div>\n\t\t\t\t<\/div>\n\t\t\t\t<\/div>\n\t\t\t\t<div class=\"elementor-element elementor-element-e275ac4 elementor-widget elementor-widget-spacer\" data-id=\"e275ac4\" data-element_type=\"widget\" data-widget_type=\"spacer.default\">\n\t\t\t\t<div class=\"elementor-widget-container\">\n\t\t\t\t\t\t\t<div class=\"elementor-spacer\">\n\t\t\t<div class=\"elementor-spacer-inner\"><\/div>\n\t\t<\/div>\n\t\t\t\t\t\t<\/div>\n\t\t\t\t<\/div>\n\t\t\t\t\t<\/div>\n\t\t\t\t<\/div>\n\t\t\t\t<\/div>\n\t\t","protected":false},"excerpt":{"rendered":"<p>LES 3 SIGNES DE\u00a0 L&rsquo;ALEXITHYMIE La difficult\u00e9 \u00e0 pouvoir identifier ses sentiments et les communiquer \u00e0 autrui c\u2019est-\u00e0-dire une incapacit\u00e9 \u00e0 l\u2019expression verbale des \u00e9motions et des sentiments m\u00eame si elle ressent les \u00e9motions. La pauvret\u00e9 de la vie imaginaire et fantasmatique qui se manifeste par le fait qu\u2019une personne alexithymique r\u00eave peu et fantasme [&hellip;]<\/p>\n","protected":false},"author":1,"featured_media":0,"parent":0,"menu_order":0,"comment_status":"closed","ping_status":"closed","template":"","meta":{"_bbp_topic_count":0,"_bbp_reply_count":0,"_bbp_total_topic_count":0,"_bbp_total_reply_count":0,"_bbp_voice_count":0,"_bbp_anonymous_reply_count":0,"_bbp_topic_count_hidden":0,"_bbp_reply_count_hidden":0,"_bbp_forum_subforum_count":0,"ocean_post_layout":"","ocean_both_sidebars_style":"","ocean_both_sidebars_content_width":0,"ocean_both_sidebars_sidebars_width":0,"ocean_sidebar":"","ocean_second_sidebar":"","ocean_disable_margins":"enable","ocean_add_body_class":"","ocean_shortcode_before_top_bar":"","ocean_shortcode_after_top_bar":"","ocean_shortcode_before_header":"","ocean_shortcode_after_header":"","ocean_has_shortcode":"","ocean_shortcode_after_title":"","ocean_shortcode_before_footer_widgets":"","ocean_shortcode_after_footer_widgets":"","ocean_shortcode_before_footer_bottom":"","ocean_shortcode_after_footer_bottom":"","ocean_display_top_bar":"default","ocean_display_header":"default","ocean_header_style":"","ocean_center_header_left_menu":"","ocean_custom_header_template":"","ocean_custom_logo":0,"ocean_custom_retina_logo":0,"ocean_custom_logo_max_width":0,"ocean_custom_logo_tablet_max_width":0,"ocean_custom_logo_mobile_max_width":0,"ocean_custom_logo_max_height":0,"ocean_custom_logo_tablet_max_height":0,"ocean_custom_logo_mobile_max_height":0,"ocean_header_custom_menu":"","ocean_menu_typo_font_family":"","ocean_menu_typo_font_subset":"","ocean_menu_typo_font_size":0,"ocean_menu_typo_font_size_tablet":0,"ocean_menu_typo_font_size_mobile":0,"ocean_menu_typo_font_size_unit":"px","ocean_menu_typo_font_weight":"","ocean_menu_typo_font_weight_tablet":"","ocean_menu_typo_font_weight_mobile":"","ocean_menu_typo_transform":"","ocean_menu_typo_transform_tablet":"","ocean_menu_typo_transform_mobile":"","ocean_menu_typo_line_height":0,"ocean_menu_typo_line_height_tablet":0,"ocean_menu_typo_line_height_mobile":0,"ocean_menu_typo_line_height_unit":"","ocean_menu_typo_spacing":0,"ocean_menu_typo_spacing_tablet":0,"ocean_menu_typo_spacing_mobile":0,"ocean_menu_typo_spacing_unit":"","ocean_menu_link_color":"","ocean_menu_link_color_hover":"","ocean_menu_link_color_active":"","ocean_menu_link_background":"","ocean_menu_link_hover_background":"","ocean_menu_link_active_background":"","ocean_menu_social_links_bg":"","ocean_menu_social_hover_links_bg":"","ocean_menu_social_links_color":"","ocean_menu_social_hover_links_color":"","ocean_disable_title":"on","ocean_disable_heading":"default","ocean_post_title":"","ocean_post_subheading":"","ocean_post_title_style":"","ocean_post_title_background_color":"","ocean_post_title_background":0,"ocean_post_title_bg_image_position":"","ocean_post_title_bg_image_attachment":"","ocean_post_title_bg_image_repeat":"","ocean_post_title_bg_image_size":"","ocean_post_title_height":0,"ocean_post_title_bg_overlay":0.5,"ocean_post_title_bg_overlay_color":"","ocean_disable_breadcrumbs":"default","ocean_breadcrumbs_color":"","ocean_breadcrumbs_separator_color":"","ocean_breadcrumbs_links_color":"","ocean_breadcrumbs_links_hover_color":"","ocean_display_footer_widgets":"default","ocean_display_footer_bottom":"default","ocean_custom_footer_template":"","footnotes":""},"class_list":["post-58","page","type-page","status-publish","hentry","entry"],"yoast_head":"<!-- This site is optimized with the Yoast SEO plugin v26.0 - https:\/\/yoast.com\/wordpress\/plugins\/seo\/ -->\n<title>L\u2019alexithymie qu\u00e8saco\u2009? - Ma vie avec un Alexithymique<\/title>\n<meta name=\"robots\" content=\"index, follow, max-snippet:-1, max-image-preview:large, max-video-preview:-1\" \/>\n<link rel=\"canonical\" href=\"https:\/\/www.alexithymique.com\/index.php\/alexithymie-definition\/\" \/>\n<meta property=\"og:locale\" content=\"fr_FR\" \/>\n<meta property=\"og:type\" content=\"article\" \/>\n<meta property=\"og:title\" content=\"L\u2019alexithymie qu\u00e8saco\u2009? - Ma vie avec un Alexithymique\" \/>\n<meta property=\"og:description\" content=\"LES 3 SIGNES DE\u00a0 L&rsquo;ALEXITHYMIE La difficult\u00e9 \u00e0 pouvoir identifier ses sentiments et les communiquer \u00e0 autrui c\u2019est-\u00e0-dire une incapacit\u00e9 \u00e0 l\u2019expression verbale des \u00e9motions et des sentiments m\u00eame si elle ressent les \u00e9motions. La pauvret\u00e9 de la vie imaginaire et fantasmatique qui se manifeste par le fait qu\u2019une personne alexithymique r\u00eave peu et fantasme [&hellip;]\" \/>\n<meta property=\"og:url\" content=\"https:\/\/www.alexithymique.com\/index.php\/alexithymie-definition\/\" \/>\n<meta property=\"og:site_name\" content=\"Ma vie avec un Alexithymique\" \/>\n<meta property=\"article:modified_time\" content=\"2025-07-28T05:03:54+00:00\" \/>\n<meta property=\"og:image\" content=\"https:\/\/www.alexithymique.com\/wp-content\/uploads\/2025\/07\/B18-768x432.webp\" \/>\n<meta name=\"twitter:card\" content=\"summary_large_image\" \/>\n<meta name=\"twitter:label1\" content=\"Dur\u00e9e de lecture estim\u00e9e\" \/>\n\t<meta name=\"twitter:data1\" content=\"2 minutes\" \/>\n<script type=\"application\/ld+json\" class=\"yoast-schema-graph\">{\"@context\":\"https:\/\/schema.org\",\"@graph\":[{\"@type\":\"WebPage\",\"@id\":\"https:\/\/www.alexithymique.com\/index.php\/alexithymie-definition\/\",\"url\":\"https:\/\/www.alexithymique.com\/index.php\/alexithymie-definition\/\",\"name\":\"L\u2019alexithymie qu\u00e8saco\u2009? - Ma vie avec un Alexithymique\",\"isPartOf\":{\"@id\":\"https:\/\/www.alexithymique.com\/#website\"},\"primaryImageOfPage\":{\"@id\":\"https:\/\/www.alexithymique.com\/index.php\/alexithymie-definition\/#primaryimage\"},\"image\":{\"@id\":\"https:\/\/www.alexithymique.com\/index.php\/alexithymie-definition\/#primaryimage\"},\"thumbnailUrl\":\"https:\/\/www.alexithymique.com\/wp-content\/uploads\/2025\/07\/B18-768x432.webp\",\"datePublished\":\"2025-05-02T21:03:41+00:00\",\"dateModified\":\"2025-07-28T05:03:54+00:00\",\"breadcrumb\":{\"@id\":\"https:\/\/www.alexithymique.com\/index.php\/alexithymie-definition\/#breadcrumb\"},\"inLanguage\":\"fr-FR\",\"potentialAction\":[{\"@type\":\"ReadAction\",\"target\":[\"https:\/\/www.alexithymique.com\/index.php\/alexithymie-definition\/\"]}]},{\"@type\":\"ImageObject\",\"inLanguage\":\"fr-FR\",\"@id\":\"https:\/\/www.alexithymique.com\/index.php\/alexithymie-definition\/#primaryimage\",\"url\":\"https:\/\/www.alexithymique.com\/wp-content\/uploads\/2025\/07\/B18.webp\",\"contentUrl\":\"https:\/\/www.alexithymique.com\/wp-content\/uploads\/2025\/07\/B18.webp\",\"width\":1820,\"height\":1024},{\"@type\":\"BreadcrumbList\",\"@id\":\"https:\/\/www.alexithymique.com\/index.php\/alexithymie-definition\/#breadcrumb\",\"itemListElement\":[{\"@type\":\"ListItem\",\"position\":1,\"name\":\"Accueil\",\"item\":\"https:\/\/www.alexithymique.com\/\"},{\"@type\":\"ListItem\",\"position\":2,\"name\":\"L\u2019alexithymie qu\u00e8saco\u2009?\"}]},{\"@type\":\"WebSite\",\"@id\":\"https:\/\/www.alexithymique.com\/#website\",\"url\":\"https:\/\/www.alexithymique.com\/\",\"name\":\"Ma vie avec un Alexithymique\",\"description\":\"Sur l&#039;\u00e9cran noir de tes silences\",\"publisher\":{\"@id\":\"https:\/\/www.alexithymique.com\/#\/schema\/person\/23889c665572c76cf74c5030f09f789d\"},\"potentialAction\":[{\"@type\":\"SearchAction\",\"target\":{\"@type\":\"EntryPoint\",\"urlTemplate\":\"https:\/\/www.alexithymique.com\/?s={search_term_string}\"},\"query-input\":{\"@type\":\"PropertyValueSpecification\",\"valueRequired\":true,\"valueName\":\"search_term_string\"}}],\"inLanguage\":\"fr-FR\"},{\"@type\":[\"Person\",\"Organization\"],\"@id\":\"https:\/\/www.alexithymique.com\/#\/schema\/person\/23889c665572c76cf74c5030f09f789d\",\"name\":\"El'Ma\",\"image\":{\"@type\":\"ImageObject\",\"inLanguage\":\"fr-FR\",\"@id\":\"https:\/\/www.alexithymique.com\/#\/schema\/person\/image\/\",\"url\":\"https:\/\/www.alexithymique.com\/wp-content\/uploads\/2025\/07\/cropped-Image8-e1753576282522.webp\",\"contentUrl\":\"https:\/\/www.alexithymique.com\/wp-content\/uploads\/2025\/07\/cropped-Image8-e1753576282522.webp\",\"width\":336,\"height\":45,\"caption\":\"El'Ma\"},\"logo\":{\"@id\":\"https:\/\/www.alexithymique.com\/#\/schema\/person\/image\/\"},\"sameAs\":[\"https:\/\/www.polygraphie.fr\"]}]}<\/script>\n<!-- \/ Yoast SEO plugin. -->","yoast_head_json":{"title":"L\u2019alexithymie qu\u00e8saco\u2009? - Ma vie avec un Alexithymique","robots":{"index":"index","follow":"follow","max-snippet":"max-snippet:-1","max-image-preview":"max-image-preview:large","max-video-preview":"max-video-preview:-1"},"canonical":"https:\/\/www.alexithymique.com\/index.php\/alexithymie-definition\/","og_locale":"fr_FR","og_type":"article","og_title":"L\u2019alexithymie qu\u00e8saco\u2009? - Ma vie avec un Alexithymique","og_description":"LES 3 SIGNES DE\u00a0 L&rsquo;ALEXITHYMIE La difficult\u00e9 \u00e0 pouvoir identifier ses sentiments et les communiquer \u00e0 autrui c\u2019est-\u00e0-dire une incapacit\u00e9 \u00e0 l\u2019expression verbale des \u00e9motions et des sentiments m\u00eame si elle ressent les \u00e9motions. La pauvret\u00e9 de la vie imaginaire et fantasmatique qui se manifeste par le fait qu\u2019une personne alexithymique r\u00eave peu et fantasme [&hellip;]","og_url":"https:\/\/www.alexithymique.com\/index.php\/alexithymie-definition\/","og_site_name":"Ma vie avec un Alexithymique","article_modified_time":"2025-07-28T05:03:54+00:00","og_image":[{"url":"https:\/\/www.alexithymique.com\/wp-content\/uploads\/2025\/07\/B18-768x432.webp","type":"","width":"","height":""}],"twitter_card":"summary_large_image","twitter_misc":{"Dur\u00e9e de lecture estim\u00e9e":"2 minutes"},"schema":{"@context":"https:\/\/schema.org","@graph":[{"@type":"WebPage","@id":"https:\/\/www.alexithymique.com\/index.php\/alexithymie-definition\/","url":"https:\/\/www.alexithymique.com\/index.php\/alexithymie-definition\/","name":"L\u2019alexithymie qu\u00e8saco\u2009? - Ma vie avec un Alexithymique","isPartOf":{"@id":"https:\/\/www.alexithymique.com\/#website"},"primaryImageOfPage":{"@id":"https:\/\/www.alexithymique.com\/index.php\/alexithymie-definition\/#primaryimage"},"image":{"@id":"https:\/\/www.alexithymique.com\/index.php\/alexithymie-definition\/#primaryimage"},"thumbnailUrl":"https:\/\/www.alexithymique.com\/wp-content\/uploads\/2025\/07\/B18-768x432.webp","datePublished":"2025-05-02T21:03:41+00:00","dateModified":"2025-07-28T05:03:54+00:00","breadcrumb":{"@id":"https:\/\/www.alexithymique.com\/index.php\/alexithymie-definition\/#breadcrumb"},"inLanguage":"fr-FR","potentialAction":[{"@type":"ReadAction","target":["https:\/\/www.alexithymique.com\/index.php\/alexithymie-definition\/"]}]},{"@type":"ImageObject","inLanguage":"fr-FR","@id":"https:\/\/www.alexithymique.com\/index.php\/alexithymie-definition\/#primaryimage","url":"https:\/\/www.alexithymique.com\/wp-content\/uploads\/2025\/07\/B18.webp","contentUrl":"https:\/\/www.alexithymique.com\/wp-content\/uploads\/2025\/07\/B18.webp","width":1820,"height":1024},{"@type":"BreadcrumbList","@id":"https:\/\/www.alexithymique.com\/index.php\/alexithymie-definition\/#breadcrumb","itemListElement":[{"@type":"ListItem","position":1,"name":"Accueil","item":"https:\/\/www.alexithymique.com\/"},{"@type":"ListItem","position":2,"name":"L\u2019alexithymie qu\u00e8saco\u2009?"}]},{"@type":"WebSite","@id":"https:\/\/www.alexithymique.com\/#website","url":"https:\/\/www.alexithymique.com\/","name":"Ma vie avec un Alexithymique","description":"Sur l&#039;\u00e9cran noir de tes silences","publisher":{"@id":"https:\/\/www.alexithymique.com\/#\/schema\/person\/23889c665572c76cf74c5030f09f789d"},"potentialAction":[{"@type":"SearchAction","target":{"@type":"EntryPoint","urlTemplate":"https:\/\/www.alexithymique.com\/?s={search_term_string}"},"query-input":{"@type":"PropertyValueSpecification","valueRequired":true,"valueName":"search_term_string"}}],"inLanguage":"fr-FR"},{"@type":["Person","Organization"],"@id":"https:\/\/www.alexithymique.com\/#\/schema\/person\/23889c665572c76cf74c5030f09f789d","name":"El'Ma","image":{"@type":"ImageObject","inLanguage":"fr-FR","@id":"https:\/\/www.alexithymique.com\/#\/schema\/person\/image\/","url":"https:\/\/www.alexithymique.com\/wp-content\/uploads\/2025\/07\/cropped-Image8-e1753576282522.webp","contentUrl":"https:\/\/www.alexithymique.com\/wp-content\/uploads\/2025\/07\/cropped-Image8-e1753576282522.webp","width":336,"height":45,"caption":"El'Ma"},"logo":{"@id":"https:\/\/www.alexithymique.com\/#\/schema\/person\/image\/"},"sameAs":["https:\/\/www.polygraphie.fr"]}]}},"_links":{"self":[{"href":"https:\/\/www.alexithymique.com\/index.php\/wp-json\/wp\/v2\/pages\/58","targetHints":{"allow":["GET"]}}],"collection":[{"href":"https:\/\/www.alexithymique.com\/index.php\/wp-json\/wp\/v2\/pages"}],"about":[{"href":"https:\/\/www.alexithymique.com\/index.php\/wp-json\/wp\/v2\/types\/page"}],"author":[{"embeddable":true,"href":"https:\/\/www.alexithymique.com\/index.php\/wp-json\/wp\/v2\/users\/1"}],"replies":[{"embeddable":true,"href":"https:\/\/www.alexithymique.com\/index.php\/wp-json\/wp\/v2\/comments?post=58"}],"version-history":[{"count":37,"href":"https:\/\/www.alexithymique.com\/index.php\/wp-json\/wp\/v2\/pages\/58\/revisions"}],"predecessor-version":[{"id":1245,"href":"https:\/\/www.alexithymique.com\/index.php\/wp-json\/wp\/v2\/pages\/58\/revisions\/1245"}],"wp:attachment":[{"href":"https:\/\/www.alexithymique.com\/index.php\/wp-json\/wp\/v2\/media?parent=58"}],"curies":[{"name":"wp","href":"https:\/\/api.w.org\/{rel}","templated":true}]}}