{"id":34,"date":"2025-04-17T02:30:54","date_gmt":"2025-04-17T00:30:54","guid":{"rendered":"https:\/\/www.alexithymique.com\/?page_id=34"},"modified":"2025-07-28T09:47:44","modified_gmt":"2025-07-28T07:47:44","slug":"contact-ma-vie-avec-un-alexithymique","status":"publish","type":"page","link":"https:\/\/www.alexithymique.com\/index.php\/contact-ma-vie-avec-un-alexithymique\/","title":{"rendered":"Contact"},"content":{"rendered":"\t\t<div data-elementor-type=\"wp-page\" data-elementor-id=\"34\" class=\"elementor elementor-34\">\n\t\t\t\t<div class=\"elementor-element elementor-element-e8f27e5 e-flex e-con-boxed e-con e-parent\" data-id=\"e8f27e5\" data-element_type=\"container\">\n\t\t\t\t\t<div class=\"e-con-inner\">\n\t\t\t\t<div class=\"elementor-element elementor-element-76800ae elementor-widget elementor-widget-link-in-bio\" data-id=\"76800ae\" data-element_type=\"widget\" data-widget_type=\"link-in-bio.default\">\n\t\t\t\t<div class=\"elementor-widget-container\">\n\t\t\t\t\t\t\t<div class=\"e-link-in-bio e-link-in-bio\">\n\t\t\t<div class=\"e-link-in-bio__content\">\n\n\t\t\t\t\t\t<div class=\"e-link-in-bio__identity\">\n\t\t\t\t\t\t\t\t\t<div class=\"e-link-in-bio__identity-image e-link-in-bio__identity-image-profile has-style-circle\">\n\t\t\t\t\t\t\t<img fetchpriority=\"high\" decoding=\"async\" width=\"300\" height=\"288\" src=\"https:\/\/www.alexithymique.com\/wp-content\/uploads\/2025\/07\/cropped-LOGO-Alexithymique-300x288.webp\" class=\"e-link-in-bio__identity-image-element\" alt=\"Logo: un cercle avec couple enlac\u00e9 qui se fond avec l&#039;arri\u00e8re plan color\u00e9\" srcset=\"https:\/\/www.alexithymique.com\/wp-content\/uploads\/2025\/07\/cropped-LOGO-Alexithymique-300x288.webp 300w, https:\/\/www.alexithymique.com\/wp-content\/uploads\/2025\/07\/cropped-LOGO-Alexithymique-1024x985.webp 1024w, https:\/\/www.alexithymique.com\/wp-content\/uploads\/2025\/07\/cropped-LOGO-Alexithymique-768x738.webp 768w, https:\/\/www.alexithymique.com\/wp-content\/uploads\/2025\/07\/cropped-LOGO-Alexithymique.webp 1065w\" sizes=\"(max-width: 300px) 100vw, 300px\" \/>\t\t\t\t\t\t\t\t\t\t\t\t\t<\/div>\n\t\t\t\t\t\t\t<\/div>\n\t\t\t\t\t<div class=\"e-link-in-bio__bio\">\n\t\t\t\t<h2 class=\"e-link-in-bio__heading\">El&#039;ma<\/h2>\t\t\t\t<h3 class=\"e-link-in-bio__title\">Sur l&#039;\u00e9cran noir de tes silences<\/h3>\t\t\t\t\t\t\t\t<p class=\"e-link-in-bio__description\">Chroniques de vie avec un alexithymique<\/p>\t\t\t<\/div>\n\t\t\t\t\t<div class=\"e-link-in-bio__icons has-size-small\">\n\t\t\t\t\t\t\t<div class=\"e-link-in-bio__icon is-size-small\">\n\t\t\t\t\t<a aria-label=\"Email\" class=\"e-link-in-bio__icon-link\" href=\"mailto:alexithymique.com@gmail.com\">\n\t\t\t\t\t\t<span class=\"e-link-in-bio__icon-svg\">\n\t\t\t\t\t\t\t<svg aria-hidden=\"true\" class=\"e-font-icon-svg e-fas-envelope\" viewBox=\"0 0 512 512\" xmlns=\"http:\/\/www.w3.org\/2000\/svg\"><path d=\"M502.3 190.8c3.9-3.1 9.7-.2 9.7 4.7V400c0 26.5-21.5 48-48 48H48c-26.5 0-48-21.5-48-48V195.6c0-5 5.7-7.8 9.7-4.7 22.4 17.4 52.1 39.5 154.1 113.6 21.1 15.4 56.7 47.8 92.2 47.6 35.7.3 72-32.8 92.3-47.6 102-74.1 131.6-96.3 154-113.7zM256 320c23.2.4 56.6-29.2 73.4-41.4 132.7-96.3 142.8-104.7 173.4-128.7 5.8-4.5 9.2-11.5 9.2-18.9v-19c0-26.5-21.5-48-48-48H48C21.5 64 0 85.5 0 112v19c0 7.4 3.4 14.3 9.2 18.9 30.6 23.9 40.7 32.4 173.4 128.7 16.8 12.2 50.2 41.8 73.4 41.4z\"><\/path><\/svg>\t\t\t\t\t\t<\/span>\n\t\t\t\t\t\t\t\t\t\t\t<\/a>\n\t\t\t\t<\/div>\n\t\t\t\t\t<\/div>\n\t\t\n\t\t<div class=\"e-link-in-bio__ctas has-type-button\">\n\t\t\t\t\t\t\t<a class=\"e-link-in-bio__cta is-type-button has-corners-rounded\" href=\"mailto:alexithymique.com@gmail.com?subject=Demande%20d&#039;information\">\n\t\t\t\t\t\t\t\t\t\t<span class=\"e-link-in-bio__cta-text\">\n\t\t\t\t\t\tContactez moi\t\t\t\t\t<\/span>\n\t\t\t\t<\/a>\n\t\t\t\t\t<\/div>\n\t\t\n\t\t\t<\/div>\n\t\t\t<div class=\"e-link-in-bio__bg\">\n\t\t\t\t<div class=\"e-link-in-bio__bg-overlay\"><\/div>\n\t\t\t<\/div>\n\t\t<\/div>\n\t\t\t\t\t\t<\/div>\n\t\t\t\t<\/div>\n\t\t\t\t\t<\/div>\n\t\t\t\t<\/div>\n\t\t\t\t<\/div>\n\t\t","protected":false},"excerpt":{"rendered":"<p>El&#039;ma Sur l&#039;\u00e9cran noir de tes silences Chroniques de vie avec un alexithymique Contactez moi<\/p>\n","protected":false},"author":1,"featured_media":0,"parent":0,"menu_order":0,"comment_status":"closed","ping_status":"closed","template":"","meta":{"_bbp_topic_count":0,"_bbp_reply_count":0,"_bbp_total_topic_count":0,"_bbp_total_reply_count":0,"_bbp_voice_count":0,"_bbp_anonymous_reply_count":0,"_bbp_topic_count_hidden":0,"_bbp_reply_count_hidden":0,"_bbp_forum_subforum_count":0,"ocean_post_layout":"","ocean_both_sidebars_style":"","ocean_both_sidebars_content_width":0,"ocean_both_sidebars_sidebars_width":0,"ocean_sidebar":"","ocean_second_sidebar":"","ocean_disable_margins":"enable","ocean_add_body_class":"","ocean_shortcode_before_top_bar":"","ocean_shortcode_after_top_bar":"","ocean_shortcode_before_header":"","ocean_shortcode_after_header":"","ocean_has_shortcode":"","ocean_shortcode_after_title":"","ocean_shortcode_before_footer_widgets":"","ocean_shortcode_after_footer_widgets":"","ocean_shortcode_before_footer_bottom":"","ocean_shortcode_after_footer_bottom":"","ocean_display_top_bar":"default","ocean_display_header":"default","ocean_header_style":"","ocean_center_header_left_menu":"","ocean_custom_header_template":"","ocean_custom_logo":0,"ocean_custom_retina_logo":0,"ocean_custom_logo_max_width":0,"ocean_custom_logo_tablet_max_width":0,"ocean_custom_logo_mobile_max_width":0,"ocean_custom_logo_max_height":0,"ocean_custom_logo_tablet_max_height":0,"ocean_custom_logo_mobile_max_height":0,"ocean_header_custom_menu":"","ocean_menu_typo_font_family":"","ocean_menu_typo_font_subset":"","ocean_menu_typo_font_size":0,"ocean_menu_typo_font_size_tablet":0,"ocean_menu_typo_font_size_mobile":0,"ocean_menu_typo_font_size_unit":"px","ocean_menu_typo_font_weight":"","ocean_menu_typo_font_weight_tablet":"","ocean_menu_typo_font_weight_mobile":"","ocean_menu_typo_transform":"","ocean_menu_typo_transform_tablet":"","ocean_menu_typo_transform_mobile":"","ocean_menu_typo_line_height":0,"ocean_menu_typo_line_height_tablet":0,"ocean_menu_typo_line_height_mobile":0,"ocean_menu_typo_line_height_unit":"","ocean_menu_typo_spacing":0,"ocean_menu_typo_spacing_tablet":0,"ocean_menu_typo_spacing_mobile":0,"ocean_menu_typo_spacing_unit":"","ocean_menu_link_color":"","ocean_menu_link_color_hover":"","ocean_menu_link_color_active":"","ocean_menu_link_background":"","ocean_menu_link_hover_background":"","ocean_menu_link_active_background":"","ocean_menu_social_links_bg":"","ocean_menu_social_hover_links_bg":"","ocean_menu_social_links_color":"","ocean_menu_social_hover_links_color":"","ocean_disable_title":"on","ocean_disable_heading":"default","ocean_post_title":"","ocean_post_subheading":"","ocean_post_title_style":"","ocean_post_title_background_color":"","ocean_post_title_background":0,"ocean_post_title_bg_image_position":"","ocean_post_title_bg_image_attachment":"","ocean_post_title_bg_image_repeat":"","ocean_post_title_bg_image_size":"","ocean_post_title_height":0,"ocean_post_title_bg_overlay":0.5,"ocean_post_title_bg_overlay_color":"","ocean_disable_breadcrumbs":"default","ocean_breadcrumbs_color":"","ocean_breadcrumbs_separator_color":"","ocean_breadcrumbs_links_color":"","ocean_breadcrumbs_links_hover_color":"","ocean_display_footer_widgets":"default","ocean_display_footer_bottom":"default","ocean_custom_footer_template":"","footnotes":""},"class_list":["post-34","page","type-page","status-publish","hentry","entry"],"yoast_head":"<!-- This site is optimized with the Yoast SEO plugin v26.0 - https:\/\/yoast.com\/wordpress\/plugins\/seo\/ -->\n<title>Contact - Ma vie avec un Alexithymique<\/title>\n<meta name=\"robots\" content=\"index, follow, max-snippet:-1, max-image-preview:large, max-video-preview:-1\" \/>\n<link rel=\"canonical\" href=\"https:\/\/www.alexithymique.com\/index.php\/contact-ma-vie-avec-un-alexithymique\/\" \/>\n<meta property=\"og:locale\" content=\"fr_FR\" \/>\n<meta property=\"og:type\" content=\"article\" \/>\n<meta property=\"og:title\" content=\"Contact - Ma vie avec un Alexithymique\" \/>\n<meta property=\"og:description\" content=\"El&#039;ma Sur l&#039;\u00e9cran noir de tes silences Chroniques de vie avec un alexithymique Contactez moi\" \/>\n<meta property=\"og:url\" content=\"https:\/\/www.alexithymique.com\/index.php\/contact-ma-vie-avec-un-alexithymique\/\" \/>\n<meta property=\"og:site_name\" content=\"Ma vie avec un Alexithymique\" \/>\n<meta property=\"article:modified_time\" content=\"2025-07-28T07:47:44+00:00\" \/>\n<meta property=\"og:image\" content=\"https:\/\/www.alexithymique.com\/wp-content\/uploads\/2025\/07\/cropped-LOGO-Alexithymique-300x288.webp\" \/>\n<meta name=\"twitter:card\" content=\"summary_large_image\" \/>\n<meta name=\"twitter:label1\" content=\"Dur\u00e9e de lecture estim\u00e9e\" \/>\n\t<meta name=\"twitter:data1\" content=\"1 minute\" \/>\n<script type=\"application\/ld+json\" class=\"yoast-schema-graph\">{\"@context\":\"https:\/\/schema.org\",\"@graph\":[{\"@type\":\"WebPage\",\"@id\":\"https:\/\/www.alexithymique.com\/index.php\/contact-ma-vie-avec-un-alexithymique\/\",\"url\":\"https:\/\/www.alexithymique.com\/index.php\/contact-ma-vie-avec-un-alexithymique\/\",\"name\":\"Contact - Ma vie avec un Alexithymique\",\"isPartOf\":{\"@id\":\"https:\/\/www.alexithymique.com\/#website\"},\"primaryImageOfPage\":{\"@id\":\"https:\/\/www.alexithymique.com\/index.php\/contact-ma-vie-avec-un-alexithymique\/#primaryimage\"},\"image\":{\"@id\":\"https:\/\/www.alexithymique.com\/index.php\/contact-ma-vie-avec-un-alexithymique\/#primaryimage\"},\"thumbnailUrl\":\"https:\/\/www.alexithymique.com\/wp-content\/uploads\/2025\/07\/cropped-LOGO-Alexithymique-300x288.webp\",\"datePublished\":\"2025-04-17T00:30:54+00:00\",\"dateModified\":\"2025-07-28T07:47:44+00:00\",\"breadcrumb\":{\"@id\":\"https:\/\/www.alexithymique.com\/index.php\/contact-ma-vie-avec-un-alexithymique\/#breadcrumb\"},\"inLanguage\":\"fr-FR\",\"potentialAction\":[{\"@type\":\"ReadAction\",\"target\":[\"https:\/\/www.alexithymique.com\/index.php\/contact-ma-vie-avec-un-alexithymique\/\"]}]},{\"@type\":\"ImageObject\",\"inLanguage\":\"fr-FR\",\"@id\":\"https:\/\/www.alexithymique.com\/index.php\/contact-ma-vie-avec-un-alexithymique\/#primaryimage\",\"url\":\"https:\/\/www.alexithymique.com\/wp-content\/uploads\/2025\/07\/cropped-LOGO-Alexithymique-300x288.webp\",\"contentUrl\":\"https:\/\/www.alexithymique.com\/wp-content\/uploads\/2025\/07\/cropped-LOGO-Alexithymique-300x288.webp\"},{\"@type\":\"BreadcrumbList\",\"@id\":\"https:\/\/www.alexithymique.com\/index.php\/contact-ma-vie-avec-un-alexithymique\/#breadcrumb\",\"itemListElement\":[{\"@type\":\"ListItem\",\"position\":1,\"name\":\"Accueil\",\"item\":\"https:\/\/www.alexithymique.com\/\"},{\"@type\":\"ListItem\",\"position\":2,\"name\":\"Contact\"}]},{\"@type\":\"WebSite\",\"@id\":\"https:\/\/www.alexithymique.com\/#website\",\"url\":\"https:\/\/www.alexithymique.com\/\",\"name\":\"Ma vie avec un Alexithymique\",\"description\":\"Sur l&#039;\u00e9cran noir de tes silences\",\"publisher\":{\"@id\":\"https:\/\/www.alexithymique.com\/#\/schema\/person\/23889c665572c76cf74c5030f09f789d\"},\"potentialAction\":[{\"@type\":\"SearchAction\",\"target\":{\"@type\":\"EntryPoint\",\"urlTemplate\":\"https:\/\/www.alexithymique.com\/?s={search_term_string}\"},\"query-input\":{\"@type\":\"PropertyValueSpecification\",\"valueRequired\":true,\"valueName\":\"search_term_string\"}}],\"inLanguage\":\"fr-FR\"},{\"@type\":[\"Person\",\"Organization\"],\"@id\":\"https:\/\/www.alexithymique.com\/#\/schema\/person\/23889c665572c76cf74c5030f09f789d\",\"name\":\"El'Ma\",\"image\":{\"@type\":\"ImageObject\",\"inLanguage\":\"fr-FR\",\"@id\":\"https:\/\/www.alexithymique.com\/#\/schema\/person\/image\/\",\"url\":\"https:\/\/www.alexithymique.com\/wp-content\/uploads\/2025\/07\/cropped-Image8-e1753576282522.webp\",\"contentUrl\":\"https:\/\/www.alexithymique.com\/wp-content\/uploads\/2025\/07\/cropped-Image8-e1753576282522.webp\",\"width\":336,\"height\":45,\"caption\":\"El'Ma\"},\"logo\":{\"@id\":\"https:\/\/www.alexithymique.com\/#\/schema\/person\/image\/\"},\"sameAs\":[\"https:\/\/www.polygraphie.fr\"]}]}<\/script>\n<!-- \/ Yoast SEO plugin. -->","yoast_head_json":{"title":"Contact - Ma vie avec un Alexithymique","robots":{"index":"index","follow":"follow","max-snippet":"max-snippet:-1","max-image-preview":"max-image-preview:large","max-video-preview":"max-video-preview:-1"},"canonical":"https:\/\/www.alexithymique.com\/index.php\/contact-ma-vie-avec-un-alexithymique\/","og_locale":"fr_FR","og_type":"article","og_title":"Contact - Ma vie avec un Alexithymique","og_description":"El&#039;ma Sur l&#039;\u00e9cran noir de tes silences Chroniques de vie avec un alexithymique Contactez moi","og_url":"https:\/\/www.alexithymique.com\/index.php\/contact-ma-vie-avec-un-alexithymique\/","og_site_name":"Ma vie avec un Alexithymique","article_modified_time":"2025-07-28T07:47:44+00:00","og_image":[{"url":"https:\/\/www.alexithymique.com\/wp-content\/uploads\/2025\/07\/cropped-LOGO-Alexithymique-300x288.webp","type":"","width":"","height":""}],"twitter_card":"summary_large_image","twitter_misc":{"Dur\u00e9e de lecture estim\u00e9e":"1 minute"},"schema":{"@context":"https:\/\/schema.org","@graph":[{"@type":"WebPage","@id":"https:\/\/www.alexithymique.com\/index.php\/contact-ma-vie-avec-un-alexithymique\/","url":"https:\/\/www.alexithymique.com\/index.php\/contact-ma-vie-avec-un-alexithymique\/","name":"Contact - Ma vie avec un Alexithymique","isPartOf":{"@id":"https:\/\/www.alexithymique.com\/#website"},"primaryImageOfPage":{"@id":"https:\/\/www.alexithymique.com\/index.php\/contact-ma-vie-avec-un-alexithymique\/#primaryimage"},"image":{"@id":"https:\/\/www.alexithymique.com\/index.php\/contact-ma-vie-avec-un-alexithymique\/#primaryimage"},"thumbnailUrl":"https:\/\/www.alexithymique.com\/wp-content\/uploads\/2025\/07\/cropped-LOGO-Alexithymique-300x288.webp","datePublished":"2025-04-17T00:30:54+00:00","dateModified":"2025-07-28T07:47:44+00:00","breadcrumb":{"@id":"https:\/\/www.alexithymique.com\/index.php\/contact-ma-vie-avec-un-alexithymique\/#breadcrumb"},"inLanguage":"fr-FR","potentialAction":[{"@type":"ReadAction","target":["https:\/\/www.alexithymique.com\/index.php\/contact-ma-vie-avec-un-alexithymique\/"]}]},{"@type":"ImageObject","inLanguage":"fr-FR","@id":"https:\/\/www.alexithymique.com\/index.php\/contact-ma-vie-avec-un-alexithymique\/#primaryimage","url":"https:\/\/www.alexithymique.com\/wp-content\/uploads\/2025\/07\/cropped-LOGO-Alexithymique-300x288.webp","contentUrl":"https:\/\/www.alexithymique.com\/wp-content\/uploads\/2025\/07\/cropped-LOGO-Alexithymique-300x288.webp"},{"@type":"BreadcrumbList","@id":"https:\/\/www.alexithymique.com\/index.php\/contact-ma-vie-avec-un-alexithymique\/#breadcrumb","itemListElement":[{"@type":"ListItem","position":1,"name":"Accueil","item":"https:\/\/www.alexithymique.com\/"},{"@type":"ListItem","position":2,"name":"Contact"}]},{"@type":"WebSite","@id":"https:\/\/www.alexithymique.com\/#website","url":"https:\/\/www.alexithymique.com\/","name":"Ma vie avec un Alexithymique","description":"Sur l&#039;\u00e9cran noir de tes silences","publisher":{"@id":"https:\/\/www.alexithymique.com\/#\/schema\/person\/23889c665572c76cf74c5030f09f789d"},"potentialAction":[{"@type":"SearchAction","target":{"@type":"EntryPoint","urlTemplate":"https:\/\/www.alexithymique.com\/?s={search_term_string}"},"query-input":{"@type":"PropertyValueSpecification","valueRequired":true,"valueName":"search_term_string"}}],"inLanguage":"fr-FR"},{"@type":["Person","Organization"],"@id":"https:\/\/www.alexithymique.com\/#\/schema\/person\/23889c665572c76cf74c5030f09f789d","name":"El'Ma","image":{"@type":"ImageObject","inLanguage":"fr-FR","@id":"https:\/\/www.alexithymique.com\/#\/schema\/person\/image\/","url":"https:\/\/www.alexithymique.com\/wp-content\/uploads\/2025\/07\/cropped-Image8-e1753576282522.webp","contentUrl":"https:\/\/www.alexithymique.com\/wp-content\/uploads\/2025\/07\/cropped-Image8-e1753576282522.webp","width":336,"height":45,"caption":"El'Ma"},"logo":{"@id":"https:\/\/www.alexithymique.com\/#\/schema\/person\/image\/"},"sameAs":["https:\/\/www.polygraphie.fr"]}]}},"_links":{"self":[{"href":"https:\/\/www.alexithymique.com\/index.php\/wp-json\/wp\/v2\/pages\/34","targetHints":{"allow":["GET"]}}],"collection":[{"href":"https:\/\/www.alexithymique.com\/index.php\/wp-json\/wp\/v2\/pages"}],"about":[{"href":"https:\/\/www.alexithymique.com\/index.php\/wp-json\/wp\/v2\/types\/page"}],"author":[{"embeddable":true,"href":"https:\/\/www.alexithymique.com\/index.php\/wp-json\/wp\/v2\/users\/1"}],"replies":[{"embeddable":true,"href":"https:\/\/www.alexithymique.com\/index.php\/wp-json\/wp\/v2\/comments?post=34"}],"version-history":[{"count":42,"href":"https:\/\/www.alexithymique.com\/index.php\/wp-json\/wp\/v2\/pages\/34\/revisions"}],"predecessor-version":[{"id":1282,"href":"https:\/\/www.alexithymique.com\/index.php\/wp-json\/wp\/v2\/pages\/34\/revisions\/1282"}],"wp:attachment":[{"href":"https:\/\/www.alexithymique.com\/index.php\/wp-json\/wp\/v2\/media?parent=34"}],"curies":[{"name":"wp","href":"https:\/\/api.w.org\/{rel}","templated":true}]}}